{"id":916,"date":"2017-04-21T23:12:06","date_gmt":"2017-04-21T23:12:06","guid":{"rendered":"http:\/\/www.revistauniad.com\/?page_id=916"},"modified":"2017-04-21T23:12:06","modified_gmt":"2017-04-21T23:12:06","slug":"916-2","status":"publish","type":"page","link":"https:\/\/revistauniad.uniad.org.br\/?page_id=916","title":{"rendered":""},"content":{"rendered":"<h1><strong>Tra\u00e7ando um Perfil dos Usu\u00e1rios do Programa Recome\u00e7o:<\/strong> <strong>Perfil S\u00f3cio demogr\u00e1fico e Hist\u00f3rico do Tratamento de uma Amostra de Pacientes do CRATOD<\/strong><\/h1>\n<h1><\/h1>\n<h1>Autores: Let\u00edcia Gon\u00e7alves Said, Maria Aparecida Ferreira Cust\u00f3dio<\/h1>\n<h1>Orienta\u00e7\u00e3o: Clarice S. Madruga, PHD<\/h1>\n<h1>Coordena\u00e7\u00e3o do Curso: Marcelo Ribeiro, PHD<\/h1>\n<h1>Universidade Federal de S\u00e3o Paulo (UNIFESP)<\/h1>\n<h1>Unidade de Pesquisa em \u00c1lcool e Drogas (UNIAD)<\/h1>\n<h1>Curso de Especializa\u00e7\u00e3o em Depend\u00eancia Qu\u00edmica UNIAD<\/h1>\n<h1>S\u00e3o Paulo, SP \u2013 Brasil<\/h1>\n<h1>Contato: leticia.mgoncalves@hotmail.com<\/h1>\n<h1><strong>\u00a0<\/strong><\/h1>\n<h1><strong>Resumo<\/strong><\/h1>\n<p>Esta pesquisa pretende descrever o perfil dos usu\u00e1rios do Programa Recome\u00e7o o qual atende usu\u00e1rios de drogas especialmente o crack, e seus familiares. Foram entrevistados 61 pacientes do Centro de Refer\u00eancia do \u00c1lcool, Tabaco e outras Drogas que responderam um Question\u00e1rio de 20 perguntas sobre o hist\u00f3rico de tratamento, uso de drogas e o perfil sociodemogr\u00e1fico. As entrevistas revelaram: maioria sendo do sexo masculino (92%), idade predominante entre 18 e 30 anos(31%) com depend\u00eancia de \u00e1lcool (isoladamente \u2013 20% \u2013, ou concomitante com outras drogas \u2013 39%). Mais da metade considera ter problema com drogas h\u00e1 mais de cinco anos, n\u00e3o possuem renda e a fam\u00edlia n\u00e3o participa do tratamento (64%). Procuram ajuda h\u00e1 menos de um m\u00eas 38%. O Ensino Fundamental n\u00e3o foi completado por 31%; encontram se em situa\u00e7\u00e3o de rua 44% e 30% n\u00e3o contam com ningu\u00e9m em situa\u00e7\u00f5es de emerg\u00eancia.<\/p>\n<p>&nbsp;<\/p>\n<p>Palavras-chave: Depend\u00eancia qu\u00edmica. Crack. Interna\u00e7\u00e3o psiqui\u00e1trica. Reabilita\u00e7\u00e3o. Reinser\u00e7\u00e3o social. Programa Recome\u00e7o. CRATOD.<\/p>\n<p><a href=\"http:\/\/revistauniad.uniad.org.br\/wp-content\/uploads\/2017\/04\/Said.pdf\" rel=\"\">Acessar artigo na \u00edntegra aqui<\/a><\/p>\n","protected":false},"excerpt":{"rendered":"<p>Tra\u00e7ando um Perfil dos Usu\u00e1rios do Programa Recome\u00e7o: Perfil S\u00f3cio demogr\u00e1fico e Hist\u00f3rico do Tratamento de uma Amostra de Pacientes do CRATOD Autores: Let\u00edcia Gon\u00e7alves Said, Maria Aparecida Ferreira Cust\u00f3dio Orienta\u00e7\u00e3o: Clarice S. Madruga, PHD Coordena\u00e7\u00e3o do Curso: Marcelo Ribeiro, &hellip; <a href=\"https:\/\/revistauniad.uniad.org.br\/?page_id=916\">Continue reading <span class=\"meta-nav\">&rarr;<\/span><\/a><\/p>\n","protected":false},"author":1,"featured_media":0,"parent":0,"menu_order":0,"comment_status":"closed","ping_status":"closed","template":"","meta":[],"_links":{"self":[{"href":"https:\/\/revistauniad.uniad.org.br\/index.php?rest_route=\/wp\/v2\/pages\/916"}],"collection":[{"href":"https:\/\/revistauniad.uniad.org.br\/index.php?rest_route=\/wp\/v2\/pages"}],"about":[{"href":"https:\/\/revistauniad.uniad.org.br\/index.php?rest_route=\/wp\/v2\/types\/page"}],"author":[{"embeddable":true,"href":"https:\/\/revistauniad.uniad.org.br\/index.php?rest_route=\/wp\/v2\/users\/1"}],"replies":[{"embeddable":true,"href":"https:\/\/revistauniad.uniad.org.br\/index.php?rest_route=%2Fwp%2Fv2%2Fcomments&post=916"}],"version-history":[{"count":1,"href":"https:\/\/revistauniad.uniad.org.br\/index.php?rest_route=\/wp\/v2\/pages\/916\/revisions"}],"predecessor-version":[{"id":918,"href":"https:\/\/revistauniad.uniad.org.br\/index.php?rest_route=\/wp\/v2\/pages\/916\/revisions\/918"}],"wp:attachment":[{"href":"https:\/\/revistauniad.uniad.org.br\/index.php?rest_route=%2Fwp%2Fv2%2Fmedia&parent=916"}],"curies":[{"name":"wp","href":"https:\/\/api.w.org\/{rel}","templated":true}]}}