{"id":911,"date":"2017-04-21T23:10:31","date_gmt":"2017-04-21T23:10:31","guid":{"rendered":"http:\/\/www.revistauniad.com\/?page_id=911"},"modified":"2017-04-21T23:13:47","modified_gmt":"2017-04-21T23:13:47","slug":"911-2","status":"publish","type":"page","link":"https:\/\/revistauniad.uniad.org.br\/?page_id=911","title":{"rendered":"O Perfil Sociodemografico dos Adolescentes Atendidos pelo Centro de Refer\u00eancia de \u00c1lcool Tabaco e Outras Drogas (Cratod) no Primeiro Semestre de 2014"},"content":{"rendered":"<p><strong>O Perfil Sociodemografico dos Adolescentes Atendidos pelo Centro de Refer\u00eancia de \u00c1lcool Tabaco e Outras Drogas (Cratod) no Primeiro Semestre de 2014<\/strong><\/p>\n<p><strong>Autores: <\/strong>Andr\u00e9ia Souza Ribeiro, Auril\u00e9ia Cristina Silva de Souza, Izabel Cristina dos Santos<\/p>\n<p>Orienta\u00e7\u00e3o: Clarice S Madruga, PhD<\/p>\n<p>Coordena\u00e7\u00e3o do Curso: Marcelo Ribeiro, PhD<\/p>\n<p>Universidade Federal de S\u00e3o Paulo (UNIFESP)<\/p>\n<p>Unidade de Pesquisa em \u00c1lcool e Drogas (UNIAD)<\/p>\n<p>Curso de Especializa\u00e7\u00e3o em Depend\u00eancia Qu\u00edmica UNIAD<\/p>\n<p>S\u00e3o Paulo, SP &#8211; Brasil<\/p>\n<p>Contato:aurileia_@hotmail.com<\/p>\n<p><strong>\u00a0<\/strong><\/p>\n<p><strong>RESUMO<\/strong><\/p>\n<p>Este artigo teve como objetivo descrever o perfil sociodemogr\u00e1fico da popula\u00e7\u00e3o adolescente atendida pelo CRATOD no primeiro semestre de 2014, bem como o hist\u00f3rico de consumo das subst\u00e2ncias psicoativas utilizadas por estes adolescentes. Foi\u00a0realizado um estudo descritivo quantitativo atrav\u00e9s da an\u00e1lise dos prontu\u00e1rios dos usu\u00e1rios acolhidos pelo servi\u00e7o entre o per\u00edodo de 01\/01\/2014 \u00e0 30\/06\/2014 com idades entre 12 e 17 anos, de ambos os sexos. O estudo demonstrou que os adolescentes atendidos pelo CRATOD s\u00e3o predominantemente do g\u00eanero masculino, com idade entre 16 e 17 anos e defasagem escolar significativa. A idade de in\u00edcio do uso de subst\u00e2ncias psicoativas(SPA) est\u00e1 entre 11 e 13 anos, sugerindo uma procura tardia pelo tratamento. A maconha ainda permanece como a subst\u00e2ncia de maior preval\u00eancia de uso pelos adolescentes e geralmente ela est\u00e1 sempre associada ao uso concomitante com outra subst\u00e2ncia. Atualmente \u00e9 poss\u00edvel verificar que os adolescentes se configuram como um grupo de risco para o uso de SPA, sendo assim, \u00e9 de extrema relev\u00e2ncia o desenvolvimento de pesquisas que busquem compreender e caracterizar o consumo e o perfil desses jovens a fim de implementar pol\u00edticas p\u00fablicas de preven\u00e7\u00e3o e de combate.<\/p>\n<p><strong>Palavras chaves:\u00a0<\/strong>Adolesc\u00eancia; Consumo de subst\u00e2ncias psicoativas; CRATOD; Perfil sociodemogr\u00e1fico; Fatores de risco; Tratamento.<\/p>\n<p><a href=\"http:\/\/revistauniad.uniad.org.br\/wp-content\/uploads\/2017\/04\/Ribeiro.pdf\" rel=\"\">Acessar artigo na \u00edntegra aqui<\/a><\/p>\n","protected":false},"excerpt":{"rendered":"<p>O Perfil Sociodemografico dos Adolescentes Atendidos pelo Centro de Refer\u00eancia de \u00c1lcool Tabaco e Outras Drogas (Cratod) no Primeiro Semestre de 2014 Autores: Andr\u00e9ia Souza Ribeiro, Auril\u00e9ia Cristina Silva de Souza, Izabel Cristina dos Santos Orienta\u00e7\u00e3o: Clarice S Madruga, PhD &hellip; <a href=\"https:\/\/revistauniad.uniad.org.br\/?page_id=911\">Continue reading <span class=\"meta-nav\">&rarr;<\/span><\/a><\/p>\n","protected":false},"author":1,"featured_media":0,"parent":0,"menu_order":0,"comment_status":"closed","ping_status":"closed","template":"","meta":[],"_links":{"self":[{"href":"https:\/\/revistauniad.uniad.org.br\/index.php?rest_route=\/wp\/v2\/pages\/911"}],"collection":[{"href":"https:\/\/revistauniad.uniad.org.br\/index.php?rest_route=\/wp\/v2\/pages"}],"about":[{"href":"https:\/\/revistauniad.uniad.org.br\/index.php?rest_route=\/wp\/v2\/types\/page"}],"author":[{"embeddable":true,"href":"https:\/\/revistauniad.uniad.org.br\/index.php?rest_route=\/wp\/v2\/users\/1"}],"replies":[{"embeddable":true,"href":"https:\/\/revistauniad.uniad.org.br\/index.php?rest_route=%2Fwp%2Fv2%2Fcomments&post=911"}],"version-history":[{"count":2,"href":"https:\/\/revistauniad.uniad.org.br\/index.php?rest_route=\/wp\/v2\/pages\/911\/revisions"}],"predecessor-version":[{"id":921,"href":"https:\/\/revistauniad.uniad.org.br\/index.php?rest_route=\/wp\/v2\/pages\/911\/revisions\/921"}],"wp:attachment":[{"href":"https:\/\/revistauniad.uniad.org.br\/index.php?rest_route=%2Fwp%2Fv2%2Fmedia&parent=911"}],"curies":[{"name":"wp","href":"https:\/\/api.w.org\/{rel}","templated":true}]}}