{"id":900,"date":"2017-04-21T23:04:44","date_gmt":"2017-04-21T23:04:44","guid":{"rendered":"http:\/\/www.revistauniad.com\/?page_id=900"},"modified":"2017-04-21T23:04:44","modified_gmt":"2017-04-21T23:04:44","slug":"funcao-materna-revisao-sobre-as-implicacoes-do-uso-abusivodependencia-de-substancias-psicoativas-no-desempenho-da-maternagem","status":"publish","type":"page","link":"https:\/\/revistauniad.uniad.org.br\/?page_id=900","title":{"rendered":"Fun\u00e7\u00e3o materna: Revis\u00e3o sobre as Implica\u00e7\u00f5es do Uso Abusivo\/depend\u00eancia de Subst\u00e2ncias Psicoativas no Desempenho da Maternagem"},"content":{"rendered":"<p><strong>Fun\u00e7\u00e3o materna: Revis\u00e3o sobre as Implica\u00e7\u00f5es do Uso Abusivo\/depend\u00eancia de Subst\u00e2ncias Psicoativas no Desempenho da Maternagem<\/strong><\/p>\n<p><strong>Orienta\u00e7\u00e3o: <\/strong>Clarice S Madruga, PhD<\/p>\n<p><strong>Coordena\u00e7\u00e3o do Curso:<\/strong> Marcelo Ribeiro, PhD<\/p>\n<p>Universidade Federal de S\u00e3o Paulo (UNIFESP)<\/p>\n<p>Unidade de Pesquisa em \u00c1lcool e Drogas (UNIAD)<\/p>\n<p>Curso de Especializa\u00e7\u00e3o em Depend\u00eancia Qu\u00edmica UNIAD<\/p>\n<p>S\u00e3o Paulo, SP &#8211; Brasil<\/p>\n<p>Contato: <a href=\"mailto:gyl_nunes@hotmail.com\">gyl_nunes@hotmail.com<\/a><\/p>\n<p><strong>\u00a0Resumo <\/strong><\/p>\n<p>Este estudo apresenta uma revis\u00e3o de literatura sobre a import\u00e2ncia da fun\u00e7\u00e3o materna para o desenvolvimento ps\u00edquico e as implica\u00e7\u00f5es do uso abusivo de drogas\/depend\u00eancia no desempenho da maternagem. Os resultados enfatizam que o afeto propiciado pelas figuras parentais, em especial pela m\u00e3e, desde a gesta\u00e7\u00e3o, experi\u00eancia da amamenta\u00e7\u00e3o, sensibilidade materna e ternura na intera\u00e7\u00e3o com o beb\u00ea, nos demais est\u00e1gios da matura\u00e7\u00e3o, seja essencial para o desenvolvimento da personalidade, sa\u00fade emocional e favorecer a constitui\u00e7\u00e3o da identidade materna. Por\u00e9m, m\u00e3es que fazem uso abusivo de drogas, apresentam ambival\u00eancia no desempenho da fun\u00e7\u00e3o materna. Estes sentimentos conflitantes est\u00e3o atrelados \u00e0 priva\u00e7\u00e3o da experi\u00eancia de afeto na primeira inf\u00e2ncia, viv\u00eancias traum\u00e1ticas, uso abusivo de drogas, ou ainda, por portar algum tipo de psicopatologia, o que as tornam menos sens\u00edveis as necessidades dos filhos e compromete a vincula\u00e7\u00e3o afetiva. Conclui-se que as dificuldades no desempenho da fun\u00e7\u00e3o materna, bem como a depend\u00eancia qu\u00edmica, revelam o processo biopsicossocial do qual obtiveram origem e n\u00e3o, por serem m\u00e3es ruins. Tanto quanto seus filhos, estas mulheres necessitam de cuidados e com o amparo de programas de interven\u00e7\u00e3o integrada para m\u00e3es e crian\u00e7as, o desempenho da fun\u00e7\u00e3o materna, pode torna-se uma realidade poss\u00edvel.<\/p>\n<p><strong>Palavras-chaves: <\/strong>depend\u00eancia qu\u00edmica, gesta\u00e7\u00e3o, fun\u00e7\u00e3o materna.<\/p>\n<p><a href=\"http:\/\/revistauniad.uniad.org.br\/wp-content\/uploads\/2017\/04\/Nunes.pdf\" rel=\"\">Acesse o artigo na \u00edntegra aqui<\/a><\/p>\n","protected":false},"excerpt":{"rendered":"<p>Fun\u00e7\u00e3o materna: Revis\u00e3o sobre as Implica\u00e7\u00f5es do Uso Abusivo\/depend\u00eancia de Subst\u00e2ncias Psicoativas no Desempenho da Maternagem Orienta\u00e7\u00e3o: Clarice S Madruga, PhD Coordena\u00e7\u00e3o do Curso: Marcelo Ribeiro, PhD Universidade Federal de S\u00e3o Paulo (UNIFESP) Unidade de Pesquisa em \u00c1lcool e Drogas &hellip; <a href=\"https:\/\/revistauniad.uniad.org.br\/?page_id=900\">Continue reading <span class=\"meta-nav\">&rarr;<\/span><\/a><\/p>\n","protected":false},"author":1,"featured_media":0,"parent":0,"menu_order":0,"comment_status":"closed","ping_status":"closed","template":"","meta":[],"_links":{"self":[{"href":"https:\/\/revistauniad.uniad.org.br\/index.php?rest_route=\/wp\/v2\/pages\/900"}],"collection":[{"href":"https:\/\/revistauniad.uniad.org.br\/index.php?rest_route=\/wp\/v2\/pages"}],"about":[{"href":"https:\/\/revistauniad.uniad.org.br\/index.php?rest_route=\/wp\/v2\/types\/page"}],"author":[{"embeddable":true,"href":"https:\/\/revistauniad.uniad.org.br\/index.php?rest_route=\/wp\/v2\/users\/1"}],"replies":[{"embeddable":true,"href":"https:\/\/revistauniad.uniad.org.br\/index.php?rest_route=%2Fwp%2Fv2%2Fcomments&post=900"}],"version-history":[{"count":1,"href":"https:\/\/revistauniad.uniad.org.br\/index.php?rest_route=\/wp\/v2\/pages\/900\/revisions"}],"predecessor-version":[{"id":902,"href":"https:\/\/revistauniad.uniad.org.br\/index.php?rest_route=\/wp\/v2\/pages\/900\/revisions\/902"}],"wp:attachment":[{"href":"https:\/\/revistauniad.uniad.org.br\/index.php?rest_route=%2Fwp%2Fv2%2Fmedia&parent=900"}],"curies":[{"name":"wp","href":"https:\/\/api.w.org\/{rel}","templated":true}]}}