{"id":895,"date":"2017-04-21T23:00:02","date_gmt":"2017-04-21T23:00:02","guid":{"rendered":"http:\/\/www.revistauniad.com\/?page_id=895"},"modified":"2017-04-21T23:00:02","modified_gmt":"2017-04-21T23:00:02","slug":"titulo-o-consumo-de-estimulantes-do-tipo-anfetamina-amphetamine-type-stimulants-ats-na-populacao-brasileira-dados-do-ii-levantamento-nacional-de-alcool-e-drogas-lenad","status":"publish","type":"page","link":"https:\/\/revistauniad.uniad.org.br\/?page_id=895","title":{"rendered":"T\u00edtulo: O Consumo de Estimulantes do Tipo Anfetamina (Amphetamine-Type Stimulants &#8211; ATS) na Popula\u00e7\u00e3o Brasileira: Dados do II Levantamento Nacional de \u00c1lcool e Drogas (LENAD)"},"content":{"rendered":"<p><strong>O Consumo de Estimulantes do Tipo Anfetamina (Amphetamine-Type Stimulants &#8211; ATS) na Popula\u00e7\u00e3o Brasileira: Dados do II Levantamento Nacional de \u00c1lcool e Drogas (LENAD).<\/strong><\/p>\n<p>Autores: Luciana Massaro<\/p>\n<p>Orienta\u00e7\u00e3o: Clarice S Madruga, PhD<\/p>\n<p>&nbsp;<\/p>\n<p>Universidade Federal de S\u00e3o Paulo (UNIFESP)<\/p>\n<p>Unidade de Pesquisa em \u00c1lcool e Drogas (UNIAD)<\/p>\n<p>Curso de Especializa\u00e7\u00e3o em Depend\u00eancia Qu\u00edmica UNIAD<\/p>\n<p>S\u00e3o Paulo, SP \u2013 Brasil<\/p>\n<p>Contato: <a href=\"mailto:lucianatsmassaro@gmail.com.br\">lucianatsmassaro@gmail.com.br<\/a><\/p>\n<p>&nbsp;<\/p>\n<p><strong>Resumo <\/strong><\/p>\n<p>O consumo de estimulantes do tipo anfetamina (Amphetamine-Type Stimulants \u2013 ATS) no Brasil \u00e9 um tema novo e controverso com escassa informa\u00e7\u00e3o, tanto para a classifica\u00e7\u00e3o das subst\u00e2ncias, quanto para os padr\u00f5es de consumo. <strong>Objetivos:<\/strong> Descrever a partir dos dados do II LENAD, o consumo de ATS em uma amostra representativa da popula\u00e7\u00e3o brasileira bem como investigar poss\u00edveis associa\u00e7\u00f5es do consumo com fatores sociodemogr\u00e1ficos e uso de outras subst\u00e2ncias psicoativas. <strong>M\u00e9todo:<\/strong> Estudo transversal repetido que entrevistou uma amostra com 4607 indiv\u00edduos, elegidos por amostragem probabil\u00edstica, com 14 anos ou mais, de ambos os sexos, sem exclus\u00e3o de qualquer parte do territ\u00f3rio nacional, coletando informa\u00e7\u00f5es sobre o consumo de \u00e1lcool, tabaco e drogas il\u00edcitas. <strong>Resultados: <\/strong>Nossos resultados mostram que 4,1% da popula\u00e7\u00e3o usou ATS pelo menos uma vez na vida (4,5% entre as mulheres e 3,9% entre os homens). O consumo no \u00faltimo ano atingiu 1,6% da popula\u00e7\u00e3o (2,2% entre as mulheres e 1,1% entre os homens). O status socioecon\u00f4mico mais elevado mostrou-se como um fator de risco para o uso de ATS enquanto educa\u00e7\u00e3o teve um efeito protetor. Existe associa\u00e7\u00e3o entre o consumo de ATS, coca\u00edna, cannabis e outras subst\u00e2ncias il\u00edcitas.<\/p>\n<p><strong>Palavras-chave: <\/strong>estimulantes do tipo anfetamina, ATS, preval\u00eancia, depend\u00eancia, epidemiologia, Brasil.<\/p>\n<p><a href=\"http:\/\/revistauniad.uniad.org.br\/wp-content\/uploads\/2017\/04\/Massaro.pdf\" rel=\"\">Acessar artigo na \u00edntegra aqui<\/a><\/p>\n","protected":false},"excerpt":{"rendered":"<p>O Consumo de Estimulantes do Tipo Anfetamina (Amphetamine-Type Stimulants &#8211; ATS) na Popula\u00e7\u00e3o Brasileira: Dados do II Levantamento Nacional de \u00c1lcool e Drogas (LENAD). Autores: Luciana Massaro Orienta\u00e7\u00e3o: Clarice S Madruga, PhD &nbsp; Universidade Federal de S\u00e3o Paulo (UNIFESP) Unidade &hellip; <a href=\"https:\/\/revistauniad.uniad.org.br\/?page_id=895\">Continue reading <span class=\"meta-nav\">&rarr;<\/span><\/a><\/p>\n","protected":false},"author":1,"featured_media":0,"parent":0,"menu_order":0,"comment_status":"closed","ping_status":"closed","template":"","meta":[],"_links":{"self":[{"href":"https:\/\/revistauniad.uniad.org.br\/index.php?rest_route=\/wp\/v2\/pages\/895"}],"collection":[{"href":"https:\/\/revistauniad.uniad.org.br\/index.php?rest_route=\/wp\/v2\/pages"}],"about":[{"href":"https:\/\/revistauniad.uniad.org.br\/index.php?rest_route=\/wp\/v2\/types\/page"}],"author":[{"embeddable":true,"href":"https:\/\/revistauniad.uniad.org.br\/index.php?rest_route=\/wp\/v2\/users\/1"}],"replies":[{"embeddable":true,"href":"https:\/\/revistauniad.uniad.org.br\/index.php?rest_route=%2Fwp%2Fv2%2Fcomments&post=895"}],"version-history":[{"count":1,"href":"https:\/\/revistauniad.uniad.org.br\/index.php?rest_route=\/wp\/v2\/pages\/895\/revisions"}],"predecessor-version":[{"id":897,"href":"https:\/\/revistauniad.uniad.org.br\/index.php?rest_route=\/wp\/v2\/pages\/895\/revisions\/897"}],"wp:attachment":[{"href":"https:\/\/revistauniad.uniad.org.br\/index.php?rest_route=%2Fwp%2Fv2%2Fmedia&parent=895"}],"curies":[{"name":"wp","href":"https:\/\/api.w.org\/{rel}","templated":true}]}}