{"id":887,"date":"2017-04-21T22:54:27","date_gmt":"2017-04-21T22:54:27","guid":{"rendered":"http:\/\/www.revistauniad.com\/?page_id=887"},"modified":"2017-04-21T22:56:05","modified_gmt":"2017-04-21T22:56:05","slug":"perfil-socio-demografico-padroes-de-uso-e-historico-de-tratamento-entre-dependentes-quimicos-acolhidos-na-comunidade-terapeutica-uma-analise-da-idade-de-inicio-de-experimentacao-de-drogas","status":"publish","type":"page","link":"https:\/\/revistauniad.uniad.org.br\/?page_id=887","title":{"rendered":"Perfil S\u00f3cio Demogr\u00e1fico, Padr\u00f5es de Uso e Hist\u00f3rico de Tratamento entre Dependentes Qu\u00edmicos Acolhidos na Comunidade Terap\u00eautica: Uma an\u00e1lise da Idade de In\u00edcio de Experimenta\u00e7\u00e3o de Drogas"},"content":{"rendered":"<p><strong>Perfil S\u00f3cio Demogr\u00e1fico, Padr\u00f5es de Uso e Hist\u00f3rico de Tratamento entre Dependentes Qu\u00edmicos Acolhidos na Comunidade Terap\u00eautica: Uma an\u00e1lise da Idade de In\u00edcio de Experimenta\u00e7\u00e3o de Drogas.<\/strong><\/p>\n<p><strong>\u00a0Autores: <\/strong>Eliane Rosemeire Lopes, Marluce Machado Da Paz Perussi, Matheus Leite Pra\u00e7a<\/p>\n<p><strong>Orienta\u00e7\u00e3o: <\/strong>Clarice S Madruga, PhD<\/p>\n<p><strong>Coordena\u00e7\u00e3o do Curso:<\/strong> Marcelo Ribeiro, PhD<\/p>\n<p>Universidade Federal de S\u00e3o Paulo (UNIFESP)<\/p>\n<p>Unidade de Pesquisa em \u00c1lcool e Drogas (UNIAD)<\/p>\n<p>Curso de Especializa\u00e7\u00e3o em Depend\u00eancia Qu\u00edmica UNIAD<\/p>\n<p>S\u00e3o Paulo, SP &#8211; Brasil<\/p>\n<p>Contato: matheuslp@rocketmail.com<\/p>\n<h5><\/h5>\n<h5>RESUMO<\/h5>\n<p>O presente estudo desenvolveu-se nas Comunidades Terap\u00eauticas do Instituto Padre Haroldo Rahm, organiza\u00e7\u00e3o n\u00e3o governamental localizada no munic\u00edpio de Campinas, SP. Teve por objetivo descrever o perfil s\u00f3cio demogr\u00e1fico em uma amostra de 100 indiv\u00edduos, de ambos os sexos, em tratamento, seu consumo de subst\u00e2ncias e seu hist\u00f3rico de tratamentos, al\u00e9m de investigar a idade de in\u00edcio de uso de cada subst\u00e2ncia. Os dados coletados apontaram uma predomin\u00e2ncia de indiv\u00edduos do sexo masculino, de baixo n\u00edvel socioecon\u00f4mico, baixo grau de escolaridade, sem v\u00ednculos empregat\u00edcios e uma alta preval\u00eancia de pacientes possuir problemas legais. Conclui-se que o uso precoce das diversas subst\u00e2ncias, bem como a evidente situa\u00e7\u00e3o de vulnerabilidade da amostra torna seu processo de recupera\u00e7\u00e3o mais oneroso e complexo, suscet\u00edvel a um maior n\u00famero de epis\u00f3dios de tratamento, causando preju\u00edzos ao sujeito, sua fam\u00edlia e sociedade.<\/p>\n<p><strong>Palavras-Chave:<\/strong> Subst\u00e2ncias Psicoativas, Rede Recome\u00e7o, Depend\u00eancia Qu\u00edmica, S\u00e3o Paulo, Tratamento.<\/p>\n<p><a href=\"http:\/\/revistauniad.uniad.org.br\/wp-content\/uploads\/2017\/04\/Lopes.pdf\" rel=\"\">Acesse o artigo na \u00edntegra aqui<\/a><\/p>\n","protected":false},"excerpt":{"rendered":"<p>Perfil S\u00f3cio Demogr\u00e1fico, Padr\u00f5es de Uso e Hist\u00f3rico de Tratamento entre Dependentes Qu\u00edmicos Acolhidos na Comunidade Terap\u00eautica: Uma an\u00e1lise da Idade de In\u00edcio de Experimenta\u00e7\u00e3o de Drogas. \u00a0Autores: Eliane Rosemeire Lopes, Marluce Machado Da Paz Perussi, Matheus Leite Pra\u00e7a Orienta\u00e7\u00e3o: &hellip; <a href=\"https:\/\/revistauniad.uniad.org.br\/?page_id=887\">Continue reading <span class=\"meta-nav\">&rarr;<\/span><\/a><\/p>\n","protected":false},"author":1,"featured_media":0,"parent":0,"menu_order":0,"comment_status":"closed","ping_status":"closed","template":"","meta":[],"_links":{"self":[{"href":"https:\/\/revistauniad.uniad.org.br\/index.php?rest_route=\/wp\/v2\/pages\/887"}],"collection":[{"href":"https:\/\/revistauniad.uniad.org.br\/index.php?rest_route=\/wp\/v2\/pages"}],"about":[{"href":"https:\/\/revistauniad.uniad.org.br\/index.php?rest_route=\/wp\/v2\/types\/page"}],"author":[{"embeddable":true,"href":"https:\/\/revistauniad.uniad.org.br\/index.php?rest_route=\/wp\/v2\/users\/1"}],"replies":[{"embeddable":true,"href":"https:\/\/revistauniad.uniad.org.br\/index.php?rest_route=%2Fwp%2Fv2%2Fcomments&post=887"}],"version-history":[{"count":2,"href":"https:\/\/revistauniad.uniad.org.br\/index.php?rest_route=\/wp\/v2\/pages\/887\/revisions"}],"predecessor-version":[{"id":891,"href":"https:\/\/revistauniad.uniad.org.br\/index.php?rest_route=\/wp\/v2\/pages\/887\/revisions\/891"}],"wp:attachment":[{"href":"https:\/\/revistauniad.uniad.org.br\/index.php?rest_route=%2Fwp%2Fv2%2Fmedia&parent=887"}],"curies":[{"name":"wp","href":"https:\/\/api.w.org\/{rel}","templated":true}]}}