{"id":882,"date":"2017-04-21T22:51:55","date_gmt":"2017-04-21T22:51:55","guid":{"rendered":"http:\/\/www.revistauniad.com\/?page_id=882"},"modified":"2017-04-21T22:53:26","modified_gmt":"2017-04-21T22:53:26","slug":"dependencia-quimica-e-comorbidade-psiquiatrica-perfil-sociodemografico-e-prevalencia-de-ansiedade-e-depressao-em-pacientes-da-comunidade-terapeutica-santa-carlota-instituto-bairral-de-psiqu","status":"publish","type":"page","link":"https:\/\/revistauniad.uniad.org.br\/?page_id=882","title":{"rendered":"Depend\u00eancia Qu\u00edmica e Comorbidade Psiqui\u00e1trica: Perfil Sociodemogr\u00e1fico e Preval\u00eancia de Ansiedade e Depress\u00e3o em Pacientes da Comunidade Terap\u00eautica Santa Carlota \u2013 Instituto Bairral de Psiquiatria, Munic\u00edpio de Itapira, SP"},"content":{"rendered":"<p><strong>Depend\u00eancia Qu\u00edmica e Comorbidade Psiqui\u00e1trica: Perfil Sociodemogr\u00e1fico e Preval\u00eancia de Ansiedade e Depress\u00e3o em Pacientes da Comunidade Terap\u00eautica Santa Carlota \u2013 Instituto Bairral de Psiquiatria, Munic\u00edpio de Itapira, SP.<\/strong><\/p>\n<p><strong>\u00a0Autores:<\/strong> Marco Aurelio Tosta Longo, Ma\u00edsa Francisca Baggini, Marcelo Ortiz de Souza, Gabriela Alves da Silva<\/p>\n<p><strong>Orienta\u00e7\u00e3o:<\/strong> Clarice Sandi Madruga, PhD<\/p>\n<p><strong>Coordena\u00e7\u00e3o do Curso:<\/strong> Marcelo Ribeiro, PhD<\/p>\n<p>&nbsp;<\/p>\n<p>Universidade Federal de S\u00e3o Paulo (UNIFESP)<\/p>\n<p>Unidade de Pesquisa em \u00c1lcool e Drogas (UNIAD)<\/p>\n<p>Curso de Especializa\u00e7\u00e3o em Depend\u00eancia Qu\u00edmica UNIAD<\/p>\n<p>S\u00e3o Paulo, SP &#8211; Brasil<\/p>\n<p>Contato: <a href=\"mailto:marcoaureliotlongo@hotmail.com\">marcoaureliotlongo@hotmail.com<\/a><\/p>\n<p><strong>Resumo:<\/strong><\/p>\n<p>Os transtornos de ansiedade e do humor s\u00e3o comumente encontrados em indiv\u00edduos dependentes de \u00e1lcool e outras drogas e interferem de forma direta no tratamento e progn\u00f3stico desses pacientes. O presente artigo teve como objetivo verificar o perfil s\u00f3cio demogr\u00e1fico e preval\u00eancia de sintomas de ansiedade e depress\u00e3o entre os pacientes da Comunidade Terap\u00eautica Rural Santa Carlota [CTSC] &#8211; Instituto Bairral de Psiquiatria, atrav\u00e9s da aplica\u00e7\u00e3o de um question\u00e1rio semi- estruturado e da Escala Hospitalar de Ansiedade e Depress\u00e3o [HADS]. O trabalho objetivou tamb\u00e9m avaliar a preval\u00eancia desses sintomas em pacientes que se encontram nas diferentes etapas do tratamento. Foram avaliados 60 sujeitos do g\u00eanero masculino, que preencheram os crit\u00e9rios DSM- IV para depend\u00eancia de subst\u00e2ncias psicoativas. A amostra constituiu-se usualmente de indiv\u00edduos jovens, sendo 48,3% (n=29) entre 20 e 30 anos, solteira (70%, n=42), com mais de 10 anos de estudo (56,7%). A maioria n\u00e3o trabalha (75%), e tem filhos (58,3%). Dos participantes, 65% relataram fazer uso de bebidas alco\u00f3licas, mas 51,7% relataram algum problema relacionado ao consumo do \u00e1lcool. A amostra foi composta por um grande contingente de fumantes (86,7%). Quanto ao resultado geral, levantando-se a preval\u00eancia de sintomas, verificou-se que n\u00e3o apresentavam sintomas ansiosos ou depressivos, respectivamente 57% e 78% dos indiv\u00edduos. A preval\u00eancia global de sintomas ansiosos foi de 43% e de sintomas depressivos 22%. Nas tr\u00eas faixas de severidade dos sintomas ansiosos e depressivos, n\u00e3o houve diferen\u00e7a significativa entre os usu\u00e1rios das subst\u00e2ncias avaliadas. O estudo demonstrou alta preval\u00eancia de transtorno de ansiedade e depress\u00e3o associado \u00e0 depend\u00eancia qu\u00edmica na popula\u00e7\u00e3o analisada, estando de acordo com a descrita na literatura.<\/p>\n<p><strong>Palavras Chave:<\/strong> Transtornos Relacionados ao uso de Subst\u00e2ncias, Transtornos Psiqui\u00e1tricos, Comorbidade, Ansiedade e Depress\u00e3o.<\/p>\n<p><a href=\"http:\/\/revistauniad.uniad.org.br\/wp-content\/uploads\/2017\/04\/Longo.pdf\" rel=\"\">Acesse o artigo na \u00edntegra aqui<\/a><\/p>\n","protected":false},"excerpt":{"rendered":"<p>Depend\u00eancia Qu\u00edmica e Comorbidade Psiqui\u00e1trica: Perfil Sociodemogr\u00e1fico e Preval\u00eancia de Ansiedade e Depress\u00e3o em Pacientes da Comunidade Terap\u00eautica Santa Carlota \u2013 Instituto Bairral de Psiquiatria, Munic\u00edpio de Itapira, SP. \u00a0Autores: Marco Aurelio Tosta Longo, Ma\u00edsa Francisca Baggini, Marcelo Ortiz de &hellip; <a href=\"https:\/\/revistauniad.uniad.org.br\/?page_id=882\">Continue reading <span class=\"meta-nav\">&rarr;<\/span><\/a><\/p>\n","protected":false},"author":1,"featured_media":0,"parent":0,"menu_order":0,"comment_status":"closed","ping_status":"closed","template":"","meta":[],"_links":{"self":[{"href":"https:\/\/revistauniad.uniad.org.br\/index.php?rest_route=\/wp\/v2\/pages\/882"}],"collection":[{"href":"https:\/\/revistauniad.uniad.org.br\/index.php?rest_route=\/wp\/v2\/pages"}],"about":[{"href":"https:\/\/revistauniad.uniad.org.br\/index.php?rest_route=\/wp\/v2\/types\/page"}],"author":[{"embeddable":true,"href":"https:\/\/revistauniad.uniad.org.br\/index.php?rest_route=\/wp\/v2\/users\/1"}],"replies":[{"embeddable":true,"href":"https:\/\/revistauniad.uniad.org.br\/index.php?rest_route=%2Fwp%2Fv2%2Fcomments&post=882"}],"version-history":[{"count":2,"href":"https:\/\/revistauniad.uniad.org.br\/index.php?rest_route=\/wp\/v2\/pages\/882\/revisions"}],"predecessor-version":[{"id":885,"href":"https:\/\/revistauniad.uniad.org.br\/index.php?rest_route=\/wp\/v2\/pages\/882\/revisions\/885"}],"wp:attachment":[{"href":"https:\/\/revistauniad.uniad.org.br\/index.php?rest_route=%2Fwp%2Fv2%2Fmedia&parent=882"}],"curies":[{"name":"wp","href":"https:\/\/api.w.org\/{rel}","templated":true}]}}