{"id":877,"date":"2017-04-21T22:48:01","date_gmt":"2017-04-21T22:48:01","guid":{"rendered":"http:\/\/www.revistauniad.com\/?page_id=877"},"modified":"2017-04-21T22:48:01","modified_gmt":"2017-04-21T22:48:01","slug":"instituto-bezerra-de-menezes-perfil-sociodemografico-dos-dependentes-de-drogas-psicoativas-procedentes-da-drs-xiv","status":"publish","type":"page","link":"https:\/\/revistauniad.uniad.org.br\/?page_id=877","title":{"rendered":"Instituto Bezerra de Menezes \u2013 Perfil Sociodemogr\u00e1fico dos Dependentes de Drogas Psicoativas Procedentes da DRS XIV"},"content":{"rendered":"<p><strong>Instituto Bezerra de Menezes \u2013 Perfil Sociodemogr\u00e1fico dos Dependentes de Drogas Psicoativas Procedentes da DRS XIV<\/strong><\/p>\n<p>Autores: Raquel Tavares Brito Fernandes, Elaine Cristina Scanapieco<\/p>\n<p>Coordena\u00e7\u00e3o do Curso: Marcelo Ribeiro, PhD<\/p>\n<p>Orienta\u00e7\u00e3o: Clarice S Madruga, PhD<\/p>\n<p>Universidade Federal de S\u00e3o Paulo (UNIFESP)<\/p>\n<p>Unidade de Pesquisa em \u00c1lcool e Drogas (UNIAD)<\/p>\n<p>Curso de Especializa\u00e7\u00e3o em Depend\u00eancia Qu\u00edmica UNIAD<\/p>\n<p>S\u00e3o Paulo, SP &#8211; Brasil<\/p>\n<p>Contato: <a href=\"mailto:rquelfernandes@gmail.com\">rquelfernandes@gmail.com<\/a><\/p>\n<p><strong>Resumo: <\/strong>O objetivo deste estudo foi tra\u00e7ar o perfil sociodemogr\u00e1fico dos usu\u00e1rios de m\u00faltiplas drogas atendidos no Instituto Bezerra de Menezes, localizado no munic\u00edpio de Esp\u00edrito do Santo do Pinhal, estado de S\u00e3o Paulo. O tratamento &#8211; de \u00e2mbito hospitalar &#8211; \u00e9 oferecido gratuitamente via SUS, sendo vinculado ao Departamento Regional de Sa\u00fade (DRS) XIV \u2013 S\u00e3o Jo\u00e3o da Boa Vista. Dentre os cuidados prestados ao usu\u00e1rio compreende: atendimento por equipe multiprofissional, sendo este atendimento individual e em grupo, baseando-se em informa\u00e7\u00f5es sobre as drogas, seus efeitos e consequentes preju\u00edzos, concomitantemente ao processo de desintoxica\u00e7\u00e3o e orienta\u00e7\u00e3o sobre a import\u00e2ncia da continuidade do tratamento ambulatorial (preparo para alta hospitalar). Analisando alguns dos resultados obtidos, observamos que no \u00faltimo ano, 90% dos pacientes procuraram somente o servi\u00e7o de interna\u00e7\u00e3o como forma de tratamento. Quando questionados h\u00e1 quanto tempo deram-se conta de que realmente haviam percebido a depend\u00eancia de \u00e1lcool e\/ou drogas como um problema, 90% dos pesquisados declararam ter sido h\u00e1 mais de cinco anos e 10% entre um a cinco anos. Sendo a depend\u00eancia qu\u00edmica um tratamento que requer acompanhamento prolongado e o IBM uma institui\u00e7\u00e3o que oferece um tratamento de desintoxica\u00e7\u00e3o, notamos que existe uma falha entre a alta hospitalar e a continuidade do tratamento deste usu\u00e1rio na rede p\u00fablica. Pretende-se, por meio de estudo observacional transversal quantitativo, conhecer melhor esta clientela e, a partir deste conhecimento, elaborar um tratamento mais personalizado, promovendo melhorias na qualidade do servi\u00e7o prestado.<\/p>\n<p><strong>Palavras-chave:<\/strong> Depend\u00eancia qu\u00edmica. Desintoxica\u00e7\u00e3o. Usu\u00e1rios. Rede p\u00fablica.<\/p>\n<p><a href=\"http:\/\/revistauniad.uniad.org.br\/wp-content\/uploads\/2017\/04\/Fernandes.pdf\" rel=\"\">Acesse o artigo na \u00edntegra aqui<\/a><\/p>\n","protected":false},"excerpt":{"rendered":"<p>Instituto Bezerra de Menezes \u2013 Perfil Sociodemogr\u00e1fico dos Dependentes de Drogas Psicoativas Procedentes da DRS XIV Autores: Raquel Tavares Brito Fernandes, Elaine Cristina Scanapieco Coordena\u00e7\u00e3o do Curso: Marcelo Ribeiro, PhD Orienta\u00e7\u00e3o: Clarice S Madruga, PhD Universidade Federal de S\u00e3o Paulo &hellip; <a href=\"https:\/\/revistauniad.uniad.org.br\/?page_id=877\">Continue reading <span class=\"meta-nav\">&rarr;<\/span><\/a><\/p>\n","protected":false},"author":1,"featured_media":0,"parent":0,"menu_order":0,"comment_status":"closed","ping_status":"closed","template":"","meta":[],"_links":{"self":[{"href":"https:\/\/revistauniad.uniad.org.br\/index.php?rest_route=\/wp\/v2\/pages\/877"}],"collection":[{"href":"https:\/\/revistauniad.uniad.org.br\/index.php?rest_route=\/wp\/v2\/pages"}],"about":[{"href":"https:\/\/revistauniad.uniad.org.br\/index.php?rest_route=\/wp\/v2\/types\/page"}],"author":[{"embeddable":true,"href":"https:\/\/revistauniad.uniad.org.br\/index.php?rest_route=\/wp\/v2\/users\/1"}],"replies":[{"embeddable":true,"href":"https:\/\/revistauniad.uniad.org.br\/index.php?rest_route=%2Fwp%2Fv2%2Fcomments&post=877"}],"version-history":[{"count":1,"href":"https:\/\/revistauniad.uniad.org.br\/index.php?rest_route=\/wp\/v2\/pages\/877\/revisions"}],"predecessor-version":[{"id":879,"href":"https:\/\/revistauniad.uniad.org.br\/index.php?rest_route=\/wp\/v2\/pages\/877\/revisions\/879"}],"wp:attachment":[{"href":"https:\/\/revistauniad.uniad.org.br\/index.php?rest_route=%2Fwp%2Fv2%2Fmedia&parent=877"}],"curies":[{"name":"wp","href":"https:\/\/api.w.org\/{rel}","templated":true}]}}