{"id":862,"date":"2017-04-21T22:40:03","date_gmt":"2017-04-21T22:40:03","guid":{"rendered":"http:\/\/www.revistauniad.com\/?page_id=862"},"modified":"2017-04-21T22:40:03","modified_gmt":"2017-04-21T22:40:03","slug":"a-influencia-da-depressao-no-impacto-da-dependencia-quimica-na-familia","status":"publish","type":"page","link":"https:\/\/revistauniad.uniad.org.br\/?page_id=862","title":{"rendered":"A influ\u00eancia da depress\u00e3o no impacto da depend\u00eancia qu\u00edmica na fam\u00edlia"},"content":{"rendered":"<p><strong>A influ\u00eancia da depress\u00e3o no impacto da depend\u00eancia qu\u00edmica na fam\u00edlia.<\/strong><\/p>\n<p><strong>\u00a0Autores: Patricia Bernardete de Abreu, Nadia Basile<\/strong><\/p>\n<p>Orienta\u00e7\u00e3o: Clarice Madruga, PhD<\/p>\n<p>&nbsp;<\/p>\n<p>Universidade Federal de S\u00e3o Paulo (UNIFESP)<\/p>\n<p>Unidade de Pesquisa em \u00c1lcool e Drogas (UNIAD)<\/p>\n<p>Curso de Especializa\u00e7\u00e3o em Depend\u00eancia Qu\u00edmica UNIAD<\/p>\n<p>S\u00e3o Paulo, SP \u2013 Brasil<\/p>\n<p>Contato: <a href=\"mailto:patriciabernardete@hotmail.com\">patriciabernardete@hotmail.com<\/a><\/p>\n<p>&nbsp;<\/p>\n<p><strong>Resumo<\/strong><\/p>\n<p><strong>Objetivo:<\/strong> Este artigo tem o objetivo de verificar o impacto da Depend\u00eancia Qu\u00edmica entre os familiares dos dependentes internos em Comunidade Terap\u00eautica.<\/p>\n<p><strong>M\u00e9todo<\/strong>: Estudo transversal, descritivo e qualitativo. Foram entrevistados 20 familiares que tiveram conv\u00edvio direto com o dependente qu\u00edmico nos \u00faltimos meses. Com diferentes graus de parentesco, de ambos os sexos, com idade entre 21 e 80 anos, com diferentes graus de instru\u00e7\u00e3o, estado civil. Os dados foram colhidos atrav\u00e9s de entrevista s\u00f3cio demogr\u00e1fica e dos instrumentos de avalia\u00e7\u00e3o FMI e BDI.<\/p>\n<p><strong>Resultado:<\/strong> A maioria dos familiares apresentou um alto Impacto na Fam\u00edlia devido \u00e0 conviv\u00eancia com um dependente de subst\u00e2ncias psicoativas. Pouco mais da metade n\u00e3o apresentou nenhum \u00edndice de depress\u00e3o. Entre o que apresentaram, os \u00edndices de depress\u00e3o variaram entre leve, moderada e severa. Percebe-se maior impacto em familiares com depress\u00e3o dos que os sem.<\/p>\n<p><strong>Conclus\u00f5es<\/strong>: A conviv\u00eancia com dependente qu\u00edmico afeta diretamente muitos outros membros do sistema familiar, n\u00e3o sendo fator determinante o grau de parentesco. O impacto causado pode acarretar complica\u00e7\u00f5es sociais, econ\u00f4micas, ou de sa\u00fade. N\u00e3o podemos dizer que a depend\u00eancia qu\u00edmica n\u00e3o favore\u00e7a a depress\u00e3o, por\u00e9m a rela\u00e7\u00e3o direta entre as duas doen\u00e7as n\u00e3o foram esclarecidas.<\/p>\n<p><strong>Palavras Chave<\/strong>: Depend\u00eancia Qu\u00edmica, Depress\u00e3o, Fam\u00edlia, Impacto Familiar.<\/p>\n<p><a href=\"http:\/\/revistauniad.uniad.org.br\/wp-content\/uploads\/2017\/04\/Abreu.pdf\" rel=\"\">Acesse o artigo na \u00edntegra aqui<\/a><\/p>\n","protected":false},"excerpt":{"rendered":"<p>A influ\u00eancia da depress\u00e3o no impacto da depend\u00eancia qu\u00edmica na fam\u00edlia. \u00a0Autores: Patricia Bernardete de Abreu, Nadia Basile Orienta\u00e7\u00e3o: Clarice Madruga, PhD &nbsp; Universidade Federal de S\u00e3o Paulo (UNIFESP) Unidade de Pesquisa em \u00c1lcool e Drogas (UNIAD) Curso de Especializa\u00e7\u00e3o &hellip; <a href=\"https:\/\/revistauniad.uniad.org.br\/?page_id=862\">Continue reading <span class=\"meta-nav\">&rarr;<\/span><\/a><\/p>\n","protected":false},"author":1,"featured_media":0,"parent":0,"menu_order":0,"comment_status":"closed","ping_status":"closed","template":"","meta":[],"_links":{"self":[{"href":"https:\/\/revistauniad.uniad.org.br\/index.php?rest_route=\/wp\/v2\/pages\/862"}],"collection":[{"href":"https:\/\/revistauniad.uniad.org.br\/index.php?rest_route=\/wp\/v2\/pages"}],"about":[{"href":"https:\/\/revistauniad.uniad.org.br\/index.php?rest_route=\/wp\/v2\/types\/page"}],"author":[{"embeddable":true,"href":"https:\/\/revistauniad.uniad.org.br\/index.php?rest_route=\/wp\/v2\/users\/1"}],"replies":[{"embeddable":true,"href":"https:\/\/revistauniad.uniad.org.br\/index.php?rest_route=%2Fwp%2Fv2%2Fcomments&post=862"}],"version-history":[{"count":1,"href":"https:\/\/revistauniad.uniad.org.br\/index.php?rest_route=\/wp\/v2\/pages\/862\/revisions"}],"predecessor-version":[{"id":869,"href":"https:\/\/revistauniad.uniad.org.br\/index.php?rest_route=\/wp\/v2\/pages\/862\/revisions\/869"}],"wp:attachment":[{"href":"https:\/\/revistauniad.uniad.org.br\/index.php?rest_route=%2Fwp%2Fv2%2Fmedia&parent=862"}],"curies":[{"name":"wp","href":"https:\/\/api.w.org\/{rel}","templated":true}]}}