{"id":857,"date":"2017-04-21T22:32:01","date_gmt":"2017-04-21T22:32:01","guid":{"rendered":"http:\/\/www.revistauniad.com\/?page_id=857"},"modified":"2017-04-21T22:32:01","modified_gmt":"2017-04-21T22:32:01","slug":"estudo-descritivo-da-cracolandia-de-sao-paulo-dimensoes-perfil-sociodemografico-e-indicadores-de-vulnerabilidade-social","status":"publish","type":"page","link":"https:\/\/revistauniad.uniad.org.br\/?page_id=857","title":{"rendered":"Estudo Descritivo da Cracol\u00e2ndia de S\u00e3o Paulo: Dimens\u00f5es, Perfil Sociodemogr\u00e1fico e Indicadores de Vulnerabilidade Social"},"content":{"rendered":"<p><strong>Estudo Descritivo da Cracol\u00e2ndia de S\u00e3o Paulo: Dimens\u00f5es, Perfil Sociodemogr\u00e1fico e Indicadores de Vulnerabilidade Social<\/strong><\/p>\n<p>Autores: Rodrigues, L.A.S.; Silva, C.N.G.; Rabelo, M.S. e Silva, P.R.<\/p>\n<p>Orienta\u00e7\u00e3o: Clarice S Madruga, PhD<\/p>\n<p>Coordena\u00e7\u00e3o do Curso: Marcelo Ribeiro, PhD<\/p>\n<p><strong>Curso de Especializa\u00e7\u00e3o em Depend\u00eancia Qu\u00edmica da Unidade de Pesquisa em \u00c1lcool e Drogas &#8211; UNIAD) \/ Universidade Federal de S\u00e3o Paulo &#8211; UNIFESP, SP &#8211; Brasil <\/strong><\/p>\n<p>Contato: <a href=\"mailto:layssantos1978@gmail.com\">layssantos1978@gmail.com<\/a><\/p>\n<p><strong>\u00a0Resumo<\/strong><\/p>\n<p>Este estudo tem como objetivo descrever as dimens\u00f5es da \u201cCracol\u00e2ndia\u201d \u2012 localizada no bairro da Luz, munic\u00edpio de S\u00e3o Paulo \u2012 desde seu perfil sociodemogr\u00e1fico, ao padr\u00e3o do uso de crack e outras subst\u00e2ncias psicoativas, hist\u00f3ricos de sa\u00fade e tratamento, indicadores de vulnerabilidade social, al\u00e9m de estimar a motiva\u00e7\u00e3o para cessar o consumo de crack entre usu\u00e1rios frequentadores da regi\u00e3o. Trata-se de um estudo observacional transversal quantitativo, baseado na metodologia de \u201cTempo\/Localiza\u00e7\u00e3o\u201d para a sele\u00e7\u00e3o da amostra. Ap\u00f3s delimita\u00e7\u00e3o do local de amostragem denominado \u201cQuadrante Helv\u00e9tia\u201d, randomizaram-se hor\u00e1rios e dias para as contagens e entrevistas (Unidade Prim\u00e1ria de Amostragem), que foram individuais e duraram em m\u00e9dia 10 minutos. Os resultados refletiram o perfil sociodemogr\u00e1fico esperado, de maioria homens, com baixa escolaridade, desempregados e em situa\u00e7\u00e3o de rua. Metade da amostra relatou j\u00e1 ter realizado pelo menos uma avalia\u00e7\u00e3o de sa\u00fade: 5,7%, 21,5% e 12,4% dos participantes relataram j\u00e1 ter tido e tratado HIV, S\u00edfilis e Tuberculose respectivamente. A maioria dos entrevistados afirmou j\u00e1 ter procurado ajuda para tratar a depend\u00eancia de subst\u00e2ncias psicoativas, e 71,4% relataram desejar cessar o consumo de crack. Os achados mostram a import\u00e2ncia de avalia\u00e7\u00f5es mais aprofundadas que identifiquem as principais demandas dessa popula\u00e7\u00e3o em estado de extrema vulnerabilidade f\u00edsica e social. Sendo um estudo in\u00e9dito no Brasil, cabe destacar a import\u00e2ncia de aprofundar as an\u00e1lises descritivas para a investiga\u00e7\u00e3o dos fatores associados a esse contexto. A compreens\u00e3o do perfil do usu\u00e1rio de drogas que n\u00e3o busca nenhum servi\u00e7o de assist\u00eancia \u00e9 fundamental para elaborar estrat\u00e9gias mais eficazes de tratamento.<\/p>\n<p><strong>Palavras-chave:<\/strong> Cracol\u00e2ndia; Crack; Vulnerabilidade; Perfil; Social; Demogr\u00e1fico.<\/p>\n<p>&nbsp;<\/p>\n<p><a href=\"http:\/\/revistauniad.uniad.org.br\/wp-content\/uploads\/2017\/04\/Rodrigues.pdf\" rel=\"\">Acesse o artigo na \u00edntegra aqui<\/a><\/p>\n","protected":false},"excerpt":{"rendered":"<p>Estudo Descritivo da Cracol\u00e2ndia de S\u00e3o Paulo: Dimens\u00f5es, Perfil Sociodemogr\u00e1fico e Indicadores de Vulnerabilidade Social Autores: Rodrigues, L.A.S.; Silva, C.N.G.; Rabelo, M.S. e Silva, P.R. Orienta\u00e7\u00e3o: Clarice S Madruga, PhD Coordena\u00e7\u00e3o do Curso: Marcelo Ribeiro, PhD Curso de Especializa\u00e7\u00e3o em &hellip; <a href=\"https:\/\/revistauniad.uniad.org.br\/?page_id=857\">Continue reading <span class=\"meta-nav\">&rarr;<\/span><\/a><\/p>\n","protected":false},"author":1,"featured_media":0,"parent":0,"menu_order":0,"comment_status":"closed","ping_status":"closed","template":"","meta":[],"_links":{"self":[{"href":"https:\/\/revistauniad.uniad.org.br\/index.php?rest_route=\/wp\/v2\/pages\/857"}],"collection":[{"href":"https:\/\/revistauniad.uniad.org.br\/index.php?rest_route=\/wp\/v2\/pages"}],"about":[{"href":"https:\/\/revistauniad.uniad.org.br\/index.php?rest_route=\/wp\/v2\/types\/page"}],"author":[{"embeddable":true,"href":"https:\/\/revistauniad.uniad.org.br\/index.php?rest_route=\/wp\/v2\/users\/1"}],"replies":[{"embeddable":true,"href":"https:\/\/revistauniad.uniad.org.br\/index.php?rest_route=%2Fwp%2Fv2%2Fcomments&post=857"}],"version-history":[{"count":1,"href":"https:\/\/revistauniad.uniad.org.br\/index.php?rest_route=\/wp\/v2\/pages\/857\/revisions"}],"predecessor-version":[{"id":859,"href":"https:\/\/revistauniad.uniad.org.br\/index.php?rest_route=\/wp\/v2\/pages\/857\/revisions\/859"}],"wp:attachment":[{"href":"https:\/\/revistauniad.uniad.org.br\/index.php?rest_route=%2Fwp%2Fv2%2Fmedia&parent=857"}],"curies":[{"name":"wp","href":"https:\/\/api.w.org\/{rel}","templated":true}]}}