{"id":843,"date":"2017-04-21T22:20:06","date_gmt":"2017-04-21T22:20:06","guid":{"rendered":"http:\/\/www.revistauniad.com\/?page_id=843"},"modified":"2017-04-21T22:29:01","modified_gmt":"2017-04-21T22:29:01","slug":"o-perfil-sociodemografico-de-pacientes-em-tratamento-para-dependencia-quimica-e-sua-percepcao-quanto-ao-impacto-do-consumo-abusivo-no-comportamento-dos-filhos","status":"publish","type":"page","link":"https:\/\/revistauniad.uniad.org.br\/?page_id=843","title":{"rendered":"O perfil sociodemogr\u00e1fico de pacientes em tratamento para depend\u00eancia qu\u00edmica e sua percep\u00e7\u00e3o quanto ao impacto do consumo abusivo no comportamento dos filhos"},"content":{"rendered":"<p><strong>O perfil sociodemogr\u00e1fico de pacientes em tratamento para depend\u00eancia qu\u00edmica e sua percep\u00e7\u00e3o quanto ao impacto do consumo abusivo no comportamento dos filhos<\/strong><\/p>\n<p><strong>Autores:<\/strong> Alberto Ferreira Morgado, Am\u00e9lia Maria Calogi, C\u00e1ssio Sousa de Oliveira, Marcy E. Krausz Harrouche<\/p>\n<p><strong>Orienta\u00e7\u00e3o:<\/strong> Clarice S Madruga, PhD<\/p>\n<p><strong>Coordena\u00e7\u00e3o do Curso:<\/strong> Marcelo Ribeiro, PhD<\/p>\n<p>&nbsp;<\/p>\n<p>Universidade Federal de S\u00e3o Paulo (UNIFESP)<\/p>\n<p>Unidade de Pesquisa em \u00c1lcool e Drogas (UNIAD)<\/p>\n<p>Curso de Especializa\u00e7\u00e3o em Depend\u00eancia Qu\u00edmica UNIAD S\u00e3o Paulo, SP &#8211; Brasil<\/p>\n<p>Contato: <a href=\"mailto:ameliacalogi@gmail.com\">ameliacalogi@gmail.com<\/a><\/p>\n<p><strong>Resumo<\/strong><\/p>\n<p>O presente trabalho busca investigar o perfil dos pacientes em tratamento para depend\u00eancia qu\u00edmica no CRATOD (Centro de Refer\u00eancia de \u00c1lcool, Tabaco e Outras Drogas), bem como avaliar a percep\u00e7\u00e3o de usu\u00e1rios de drogas quanto ao impacto do seu consumo no comportamento dos filhos, atrav\u00e9s de um estudo observacional transversal quantitativo e descritivo. Para tal foram entrevistados 21 pacientes de ambos os sexos que passaram pela triagem do CRATOD. Os resultados apontam que a maioria dos pacientes eram homens, mais da metade deles sem renda e que apenas 19% finalizaram o ensino m\u00e9dio. Pouco menos da metade dos pacientes afirmam possuir filhos menores de idade. Entre estes, mais da metade relatou que o comportamento de seus filhos se tornou mais rigoroso e\/ou conservadores quanto ao uso de subst\u00e2ncias, um ter\u00e7o referiu que o consumo n\u00e3o afetou o comportamento dos filhos e apenas 8% relatou que o seu consumo levou os seus filhos a serem mais permissivos quanto ao consumo de drogas ou que eles tamb\u00e9m consomem alguma subst\u00e2ncia. Constata-se que a percep\u00e7\u00e3o dos pais n\u00e3o retrata o que a literatura prega em rela\u00e7\u00e3o \u00e0 influ\u00eancia da depend\u00eancia qu\u00edmica dos pais no comportamento dos filhos. Avalia-se a import\u00e2ncia de implementa\u00e7\u00e3o de interven\u00e7\u00f5es que aumentem a percep\u00e7\u00e3o dos pais quanto ao impacto do seu consumo e assim aumente a motiva\u00e7\u00e3o para o tratamento.<\/p>\n<p><strong>Palavras-chave:<\/strong> depend\u00eancia qu\u00edmica, pais, filhos, comportamento.<\/p>\n<p>Acessar artigo na \u00edntegra <a href=\"http:\/\/revistauniad.uniad.org.br\/wp-content\/uploads\/2017\/04\/Morgado.pdf\" rel=\"\">AQUI<\/a><\/p>\n","protected":false},"excerpt":{"rendered":"<p>O perfil sociodemogr\u00e1fico de pacientes em tratamento para depend\u00eancia qu\u00edmica e sua percep\u00e7\u00e3o quanto ao impacto do consumo abusivo no comportamento dos filhos Autores: Alberto Ferreira Morgado, Am\u00e9lia Maria Calogi, C\u00e1ssio Sousa de Oliveira, Marcy E. Krausz Harrouche Orienta\u00e7\u00e3o: Clarice &hellip; <a href=\"https:\/\/revistauniad.uniad.org.br\/?page_id=843\">Continue reading <span class=\"meta-nav\">&rarr;<\/span><\/a><\/p>\n","protected":false},"author":1,"featured_media":0,"parent":0,"menu_order":0,"comment_status":"closed","ping_status":"closed","template":"","meta":[],"_links":{"self":[{"href":"https:\/\/revistauniad.uniad.org.br\/index.php?rest_route=\/wp\/v2\/pages\/843"}],"collection":[{"href":"https:\/\/revistauniad.uniad.org.br\/index.php?rest_route=\/wp\/v2\/pages"}],"about":[{"href":"https:\/\/revistauniad.uniad.org.br\/index.php?rest_route=\/wp\/v2\/types\/page"}],"author":[{"embeddable":true,"href":"https:\/\/revistauniad.uniad.org.br\/index.php?rest_route=\/wp\/v2\/users\/1"}],"replies":[{"embeddable":true,"href":"https:\/\/revistauniad.uniad.org.br\/index.php?rest_route=%2Fwp%2Fv2%2Fcomments&post=843"}],"version-history":[{"count":2,"href":"https:\/\/revistauniad.uniad.org.br\/index.php?rest_route=\/wp\/v2\/pages\/843\/revisions"}],"predecessor-version":[{"id":854,"href":"https:\/\/revistauniad.uniad.org.br\/index.php?rest_route=\/wp\/v2\/pages\/843\/revisions\/854"}],"wp:attachment":[{"href":"https:\/\/revistauniad.uniad.org.br\/index.php?rest_route=%2Fwp%2Fv2%2Fmedia&parent=843"}],"curies":[{"name":"wp","href":"https:\/\/api.w.org\/{rel}","templated":true}]}}