{"id":832,"date":"2016-06-02T20:53:54","date_gmt":"2016-06-02T20:53:54","guid":{"rendered":"http:\/\/www.revistauniad.com\/?page_id=832"},"modified":"2017-04-21T23:17:00","modified_gmt":"2017-04-21T23:17:00","slug":"numero-3","status":"publish","type":"page","link":"https:\/\/revistauniad.uniad.org.br\/?page_id=832","title":{"rendered":"N\u00famero 3"},"content":{"rendered":"<p><strong>T\u00edtulo: <a href=\"http:\/\/revistauniad.uniad.org.br\/?page_id=895\">O Consumo de Estimulantes do Tipo Anfetamina (Amphetamine-Type Stimulants &#8211; ATS) na Popula\u00e7\u00e3o Brasileira: Dados do II Levantamento Nacional de \u00c1lcool e Drogas (LENAD)<\/a><\/strong><\/p>\n<p>Autora: Luciana Massaro<\/p>\n<p><strong>T\u00edtulo: <a href=\"http:\/\/revistauniad.uniad.org.br\/?page_id=900\">Fun\u00e7\u00e3o materna: Revis\u00e3o sobre as Implica\u00e7\u00f5es do Uso Abusivo\/depend\u00eancia de Subst\u00e2ncias Psicoativas no Desempenho da Maternagem<\/a><\/strong><\/p>\n<p><strong>Autora: <\/strong>Gilvani Rodrigues Nunes<\/p>\n<p><strong>T\u00edtulo: <a href=\"http:\/\/revistauniad.uniad.org.br\/?page_id=905\">Perfil Sociodemogr\u00e1fico, Padr\u00e3o de Consumo e Preval\u00eancia de Ansiedade e Depress\u00e3o <\/a><\/strong><a href=\"http:\/\/revistauniad.uniad.org.br\/?page_id=905\"><strong>de Dependentes Qu\u00edmicos no Hospital Cantareira em S\u00e3o Paulo<\/strong><\/a><\/p>\n<p><strong>\u00a0Autora:<\/strong> Luciana de Souza Padua<\/p>\n<p class=\"yiv4237064683western\" style=\"text-align: justify; text-justify: inter-ideograph; tab-stops: 7.1pt; background: white; margin: 6.0pt 0cm 6.0pt 0cm;\"><strong><span lang=\"PT-BR\" style=\"font-family: Arial; color: black;\">T\u00edtulo:<\/span><span lang=\"PT-BR\" style=\"font-family: Arial; color: black;\"> <a href=\"http:\/\/revistauniad.uniad.org.br\/?page_id=911\">O Perfil Sociodemografico dos Adolescentes Atendidos pelo Centro de Refer\u00eancia de \u00c1lcool Tabaco e Outras Drogas (Cratod) no Primeiro Semestre de 2014<\/a><\/span><\/strong><\/p>\n<p class=\"yiv4237064683western\" style=\"margin: 0cm; margin-bottom: .0001pt; text-align: justify; text-justify: inter-ideograph; tab-stops: 7.1pt; background: white;\"><strong><span lang=\"PT-BR\" style=\"font-family: Arial; color: black;\">Autores:<\/span> <\/strong><span lang=\"PT-BR\" style=\"font-family: Arial;\">Andr\u00e9ia Souza Ribeiro, Auril\u00e9ia Cristina Silva de Souza, Izabel Cristina dos Santos<\/span><\/p>\n<p>&nbsp;<\/p>\n<p><strong>T\u00edtulo: <a href=\"http:\/\/revistauniad.uniad.org.br\/?page_id=916\">Tra\u00e7ando um Perfil dos Usu\u00e1rios do Programa Recome\u00e7o:<\/a><\/strong><a href=\"http:\/\/revistauniad.uniad.org.br\/?page_id=916\"> <strong>Perfil S\u00f3cio demogr\u00e1fico e Hist\u00f3rico do Tratamento de uma Amostra de Pacientes do CRATOD<\/strong><\/a><\/p>\n<p><strong>Autores:<\/strong> Let\u00edcia Gon\u00e7alves Said, Maria Aparecida Ferreira Cust\u00f3dio<\/p>\n","protected":false},"excerpt":{"rendered":"<p>T\u00edtulo: O Consumo de Estimulantes do Tipo Anfetamina (Amphetamine-Type Stimulants &#8211; ATS) na Popula\u00e7\u00e3o Brasileira: Dados do II Levantamento Nacional de \u00c1lcool e Drogas (LENAD) Autora: Luciana Massaro T\u00edtulo: Fun\u00e7\u00e3o materna: Revis\u00e3o sobre as Implica\u00e7\u00f5es do Uso Abusivo\/depend\u00eancia de Subst\u00e2ncias &hellip; <a href=\"https:\/\/revistauniad.uniad.org.br\/?page_id=832\">Continue reading <span class=\"meta-nav\">&rarr;<\/span><\/a><\/p>\n","protected":false},"author":1,"featured_media":0,"parent":0,"menu_order":0,"comment_status":"closed","ping_status":"closed","template":"","meta":[],"_links":{"self":[{"href":"https:\/\/revistauniad.uniad.org.br\/index.php?rest_route=\/wp\/v2\/pages\/832"}],"collection":[{"href":"https:\/\/revistauniad.uniad.org.br\/index.php?rest_route=\/wp\/v2\/pages"}],"about":[{"href":"https:\/\/revistauniad.uniad.org.br\/index.php?rest_route=\/wp\/v2\/types\/page"}],"author":[{"embeddable":true,"href":"https:\/\/revistauniad.uniad.org.br\/index.php?rest_route=\/wp\/v2\/users\/1"}],"replies":[{"embeddable":true,"href":"https:\/\/revistauniad.uniad.org.br\/index.php?rest_route=%2Fwp%2Fv2%2Fcomments&post=832"}],"version-history":[{"count":14,"href":"https:\/\/revistauniad.uniad.org.br\/index.php?rest_route=\/wp\/v2\/pages\/832\/revisions"}],"predecessor-version":[{"id":893,"href":"https:\/\/revistauniad.uniad.org.br\/index.php?rest_route=\/wp\/v2\/pages\/832\/revisions\/893"}],"wp:attachment":[{"href":"https:\/\/revistauniad.uniad.org.br\/index.php?rest_route=%2Fwp%2Fv2%2Fmedia&parent=832"}],"curies":[{"name":"wp","href":"https:\/\/api.w.org\/{rel}","templated":true}]}}