{"id":653,"date":"2016-03-09T12:20:45","date_gmt":"2016-03-09T12:20:45","guid":{"rendered":"http:\/\/www.revistauniad.com\/?page_id=653"},"modified":"2016-03-23T17:42:23","modified_gmt":"2016-03-23T17:42:23","slug":"perfil-do-usuario-de-substancias-psicoativas-em-uma-comunidade-terapeutica-e-fatores-relacionados-ao-tempo-entre-reconhecimento-da-dependencia-quimica-como-problema-e-a-busca-por-ajuda","status":"publish","type":"page","link":"https:\/\/revistauniad.uniad.org.br\/?page_id=653","title":{"rendered":"Perfil do usu\u00e1rio de Substancias Psicoativas em uma Comunidade Terap\u00eautica e Fatores Relacionados ao Tempo entre Reconhecimento da Depend\u00eancia Qu\u00edmica como Problema e a Busca por Ajuda"},"content":{"rendered":"<p style=\"font-size: 14px;\"><strong>Autor: Andreia Galves Gori<\/strong><\/p>\n<h2>Resumo<\/h2>\n<div style=\"height: 880px; font-size: 16px;\">\n<p style=\"font-size: 16px;\">O presente trabalho tem como objetivo principal descrever o perfil sociodemogr\u00e1fico e padr\u00e3o de uso de subst\u00e2ncias psicoativas do paciente em tratamento na Comunidade Terap\u00eautica (CT) pertencente \u00e0 Rede Recome\u00e7o. Este estudo tamb\u00e9m se prop\u00f5e a verificar o tempo que o usu\u00e1rio de Subst\u00e2ncias Psicoativas (SPA) leva para procurar algum tipo de tratamento, a partir do reconhecimento de seu uso como problema.<\/p>\n<p style=\"font-size: 16px;\">Pesquisa observacional quantitativa com delineamento transversal realizada com 32 pacientes em tratamento. Os resultados mostraram que a m\u00e9dia de idade da amostra estudada foi de 36 anos, a maioria sem v\u00ednculo empregat\u00edcio, sem renda e com baixo n\u00edvel de escolaridade. A grande maioria da amostra era de poliusu\u00e1rios e mais da metade relatou j\u00e1 ter tido algum problema com a justi\u00e7a. Quase a totalidade (91%) dos entrevistados relatou ter problemas com o uso de drogas h\u00e1 mais de 5 anos, mas apenas 28% j\u00e1 procurava por tratamento h\u00e1 mais de 5 anos.<\/p>\n<p style=\"font-size: 16px;\">Conclui-se que o perfil dos usu\u00e1rios \u00e9 semelhante ao que se encontra na literatura. Em rela\u00e7\u00e3o ao tempo que o usu\u00e1rio de drogas leva para procurar algum tipo de ajuda, desde que se percebe com problemas, observou-se n\u00e3o existir uma explica\u00e7\u00e3o etiol\u00f3gica simples que consiga contemplar todos os aspectos desta fase considerada ambivalente. Sabe-se que o uso de subst\u00e2ncias m\u00faltiplas pode dificultar a ades\u00e3o do paciente a interven\u00e7\u00f5es terap\u00eauticas e seu sucesso. O conhecimento de aprofundado do perfil dos pacientes permite a elabora\u00e7\u00e3o de estrat\u00e9gias mais eficazes de tratamento e manuten\u00e7\u00e3o da abstin\u00eancia.<\/p>\n<p>Palavras-chave: Depend\u00eancia qu\u00edmica; Subst\u00e2ncias psicoativas; Comunidade terap\u00eautica; Programa recome\u00e7o.<\/p>\n<p><a style=\"font-size: 16px;\" href=\"http:\/\/revistauniad.uniad.org.br\/wp-content\/uploads\/2016\/03\/7.pdf\" target=\"_blank\">Leia o artigo na \u00edntegra<\/a><\/p>\n<p><a href=\"[Download n\u00e3o encontrado.]\" target=\"_blank\"><img loading=\"lazy\" class=\"alignnone size-full wp-image-14\" src=\"http:\/\/revistauniad.uniad.org.br\/wp-content\/uploads\/2015\/11\/btn-download-pdf1.jpg\" alt=\"btn-download-pdf\" width=\"121\" height=\"36\" \/><\/a><\/p>\n<\/div>\n","protected":false},"excerpt":{"rendered":"<p>Autor: Andreia Galves Gori Resumo O presente trabalho tem como objetivo principal descrever o perfil sociodemogr\u00e1fico e padr\u00e3o de uso de subst\u00e2ncias psicoativas do paciente em tratamento na Comunidade Terap\u00eautica (CT) pertencente \u00e0 Rede Recome\u00e7o. Este estudo tamb\u00e9m se prop\u00f5e &hellip; <a href=\"https:\/\/revistauniad.uniad.org.br\/?page_id=653\">Continue reading <span class=\"meta-nav\">&rarr;<\/span><\/a><\/p>\n","protected":false},"author":1,"featured_media":0,"parent":0,"menu_order":0,"comment_status":"closed","ping_status":"closed","template":"","meta":[],"_links":{"self":[{"href":"https:\/\/revistauniad.uniad.org.br\/index.php?rest_route=\/wp\/v2\/pages\/653"}],"collection":[{"href":"https:\/\/revistauniad.uniad.org.br\/index.php?rest_route=\/wp\/v2\/pages"}],"about":[{"href":"https:\/\/revistauniad.uniad.org.br\/index.php?rest_route=\/wp\/v2\/types\/page"}],"author":[{"embeddable":true,"href":"https:\/\/revistauniad.uniad.org.br\/index.php?rest_route=\/wp\/v2\/users\/1"}],"replies":[{"embeddable":true,"href":"https:\/\/revistauniad.uniad.org.br\/index.php?rest_route=%2Fwp%2Fv2%2Fcomments&post=653"}],"version-history":[{"count":6,"href":"https:\/\/revistauniad.uniad.org.br\/index.php?rest_route=\/wp\/v2\/pages\/653\/revisions"}],"predecessor-version":[{"id":779,"href":"https:\/\/revistauniad.uniad.org.br\/index.php?rest_route=\/wp\/v2\/pages\/653\/revisions\/779"}],"wp:attachment":[{"href":"https:\/\/revistauniad.uniad.org.br\/index.php?rest_route=%2Fwp%2Fv2%2Fmedia&parent=653"}],"curies":[{"name":"wp","href":"https:\/\/api.w.org\/{rel}","templated":true}]}}