{"id":643,"date":"2016-03-09T11:59:12","date_gmt":"2016-03-09T11:59:12","guid":{"rendered":"http:\/\/www.revistauniad.com\/?page_id=643"},"modified":"2016-03-23T16:54:30","modified_gmt":"2016-03-23T16:54:30","slug":"revisao-da-literatura-sobre-a-associacao-entre-tabagismo-e-esquizofrenia","status":"publish","type":"page","link":"https:\/\/revistauniad.uniad.org.br\/?page_id=643","title":{"rendered":"Revis\u00e3o da Literatura Sobre a Associa\u00e7\u00e3o entre Tabagismo e Esquizofrenia"},"content":{"rendered":"<p style=\"font-size: 14px;\"><strong>Autor: Alessandra Silva dos Reis<\/strong><\/p>\n<h2>Resumo<\/h2>\n<div style=\"height: 980px; font-size: 16px;\">\n<p style=\"font-size: 16px;\">Esquizofrenia \u00e9 uma condi\u00e7\u00e3o cr\u00f4nica. As taxas de depend\u00eancia de nicotina nessa popula\u00e7\u00e3o variam em torno de 80% a 90% dos pacientes, resultando no aumento da morbimortalidade desta popula\u00e7\u00e3o. Essa revis\u00e3o de literatura tem por objetivo buscar por meio de levantamento realizado em diversas bases de dados, estudos que demonstrem a associa\u00e7\u00e3o entre depend\u00eancia de tabaco e esquizofrenia.<\/p>\n<p style=\"font-size: 16px;\">Constata-se que indiv\u00edduos com esquizofrenia tendem a selecionar subst\u00e2ncias de abuso para tratar sintomas espec\u00edficos como, por exemplo, os sintomas negativos da doen\u00e7a. O consumo de tabaco pode tamb\u00e9m ocasionar um al\u00edvio dos efeitos adversos dos antipsic\u00f3ticos comumente utilizados por estes indiv\u00edduos. Estudos apontam que abordagens de tratamento combinadas podem melhorar esses sintomas e consequentemente diminuir os \u00edndices de tabagismo nesta popula\u00e7\u00e3o.<\/p>\n<p>Palavras-chave: Esquizofrenia, depend\u00eancia qu\u00edmica, tabagismo, tratamento.<\/p>\n<p><a style=\"font-size: 16px;\" href=\"http:\/\/revistauniad.uniad.org.br\/wp-content\/uploads\/2016\/03\/3.pdf\" target=\"_blank\">Leia o artigo na \u00edntegra<\/a><\/p>\n<p><a href=\"[Download n\u00e3o encontrado.]\" target=\"_blank\"><img loading=\"lazy\" class=\"alignnone size-full wp-image-14\" src=\"http:\/\/revistauniad.uniad.org.br\/wp-content\/uploads\/2015\/11\/btn-download-pdf1.jpg\" alt=\"btn-download-pdf\" width=\"121\" height=\"36\" \/><\/a><\/p>\n<\/div>\n","protected":false},"excerpt":{"rendered":"<p>Autor: Alessandra Silva dos Reis Resumo Esquizofrenia \u00e9 uma condi\u00e7\u00e3o cr\u00f4nica. As taxas de depend\u00eancia de nicotina nessa popula\u00e7\u00e3o variam em torno de 80% a 90% dos pacientes, resultando no aumento da morbimortalidade desta popula\u00e7\u00e3o. Essa revis\u00e3o de literatura tem &hellip; <a href=\"https:\/\/revistauniad.uniad.org.br\/?page_id=643\">Continue reading <span class=\"meta-nav\">&rarr;<\/span><\/a><\/p>\n","protected":false},"author":1,"featured_media":0,"parent":0,"menu_order":0,"comment_status":"closed","ping_status":"closed","template":"","meta":[],"_links":{"self":[{"href":"https:\/\/revistauniad.uniad.org.br\/index.php?rest_route=\/wp\/v2\/pages\/643"}],"collection":[{"href":"https:\/\/revistauniad.uniad.org.br\/index.php?rest_route=\/wp\/v2\/pages"}],"about":[{"href":"https:\/\/revistauniad.uniad.org.br\/index.php?rest_route=\/wp\/v2\/types\/page"}],"author":[{"embeddable":true,"href":"https:\/\/revistauniad.uniad.org.br\/index.php?rest_route=\/wp\/v2\/users\/1"}],"replies":[{"embeddable":true,"href":"https:\/\/revistauniad.uniad.org.br\/index.php?rest_route=%2Fwp%2Fv2%2Fcomments&post=643"}],"version-history":[{"count":7,"href":"https:\/\/revistauniad.uniad.org.br\/index.php?rest_route=\/wp\/v2\/pages\/643\/revisions"}],"predecessor-version":[{"id":761,"href":"https:\/\/revistauniad.uniad.org.br\/index.php?rest_route=\/wp\/v2\/pages\/643\/revisions\/761"}],"wp:attachment":[{"href":"https:\/\/revistauniad.uniad.org.br\/index.php?rest_route=%2Fwp%2Fv2%2Fmedia&parent=643"}],"curies":[{"name":"wp","href":"https:\/\/api.w.org\/{rel}","templated":true}]}}