{"id":6,"date":"2015-11-29T22:52:57","date_gmt":"2015-11-29T22:52:57","guid":{"rendered":"http:\/\/localhost\/wordpress\/?page_id=6"},"modified":"2017-05-01T18:16:58","modified_gmt":"2017-05-01T18:16:58","slug":"home","status":"publish","type":"page","link":"https:\/\/revistauniad.uniad.org.br\/","title":{"rendered":"Sobre a revista"},"content":{"rendered":"<div id=\"corpoTexto\" style=\"font-size: 16px; padding-bottom: 50px;\">\n<p style=\"font-size: 16px;\">A Revista da UNIAD \u00e9 uma iniciativa do INPAD (Instituto Nacional de Pesquisa em \u00c1lcool e Drogas) para ampliar a divulga\u00e7\u00e3o de literatura cient\u00edfica de acesso livre na \u00e1rea da Depend\u00eancia Qu\u00edmica no Brasil.<\/p>\n<p style=\"font-size: 16px;\">Inicialmente os trabalhos divulgados na revista ser\u00e3o uma sele\u00e7\u00e3o dos melhores trabalhos realizados nos cursos de Especializa\u00e7\u00e3o em Depend\u00eancia Qu\u00edmica da UNIAD\/UNIFESP.<\/p>\n<p style=\"font-size: 16px;\">Desde 2013 os alunos da especializa\u00e7\u00e3o da UNIAD s\u00e3o incentivados a aplicar os conhecimentos adquiridos no curso atrav\u00e9s da realiza\u00e7\u00e3o de trabalhos de conclus\u00e3o de curso que envolvam coleta de dados nas institui\u00e7\u00f5es de tratamento para Depend\u00eancia Qu\u00edmica em que atuam. Os trabalhos publicados s\u00e3o realizados durante os 12 meses de dura\u00e7\u00e3o do curso com supervis\u00e3o direta dos professores da UNIAD\/UNIFESP.<\/p>\n<h2 style=\"font-size: 16px;\">Objetivos:<\/h2>\n<ul>\n<li>Promover a qualifica\u00e7\u00e3o cient\u00edfica dos profissionais de sa\u00fade.<\/li>\n<\/ul>\n<ul>\n<li>Permitir a divulga\u00e7\u00e3o de literatura cient\u00edfica em portugu\u00eas, com acesso gratuito.<\/li>\n<\/ul>\n<ul>\n<li>Beneficiar as institui\u00e7\u00f5es participantes atrav\u00e9s da implementa\u00e7\u00e3o de novas ferramentas de avalia\u00e7\u00e3o psiqui\u00e1trica e psicol\u00f3gica.<\/li>\n<\/ul>\n<ul>\n<li>Aumentar a efic\u00e1cia dos tratamentos oferecidos, uma vez que o conhecimento adquirido ir\u00e1 contribuir para o desenvolvimento de estrat\u00e9gias mais eficazes de preven\u00e7\u00e3o a reca\u00edda e reinser\u00e7\u00e3o social.<\/li>\n<\/ul>\n<\/div>\n","protected":false},"excerpt":{"rendered":"<p>A Revista da UNIAD \u00e9 uma iniciativa do INPAD (Instituto Nacional de Pesquisa em \u00c1lcool e Drogas) para ampliar a divulga\u00e7\u00e3o de literatura cient\u00edfica de acesso livre na \u00e1rea da Depend\u00eancia Qu\u00edmica no Brasil. Inicialmente os trabalhos divulgados na revista &hellip; <a href=\"https:\/\/revistauniad.uniad.org.br\/\">Continue reading <span class=\"meta-nav\">&rarr;<\/span><\/a><\/p>\n","protected":false},"author":1,"featured_media":0,"parent":0,"menu_order":0,"comment_status":"closed","ping_status":"closed","template":"","meta":[],"_links":{"self":[{"href":"https:\/\/revistauniad.uniad.org.br\/index.php?rest_route=\/wp\/v2\/pages\/6"}],"collection":[{"href":"https:\/\/revistauniad.uniad.org.br\/index.php?rest_route=\/wp\/v2\/pages"}],"about":[{"href":"https:\/\/revistauniad.uniad.org.br\/index.php?rest_route=\/wp\/v2\/types\/page"}],"author":[{"embeddable":true,"href":"https:\/\/revistauniad.uniad.org.br\/index.php?rest_route=\/wp\/v2\/users\/1"}],"replies":[{"embeddable":true,"href":"https:\/\/revistauniad.uniad.org.br\/index.php?rest_route=%2Fwp%2Fv2%2Fcomments&post=6"}],"version-history":[{"count":37,"href":"https:\/\/revistauniad.uniad.org.br\/index.php?rest_route=\/wp\/v2\/pages\/6\/revisions"}],"predecessor-version":[{"id":9,"href":"https:\/\/revistauniad.uniad.org.br\/index.php?rest_route=\/wp\/v2\/pages\/6\/revisions\/9"}],"wp:attachment":[{"href":"https:\/\/revistauniad.uniad.org.br\/index.php?rest_route=%2Fwp%2Fv2%2Fmedia&parent=6"}],"curies":[{"name":"wp","href":"https:\/\/api.w.org\/{rel}","templated":true}]}}