{"id":458,"date":"2016-01-05T14:59:34","date_gmt":"2016-01-05T14:59:34","guid":{"rendered":"http:\/\/www.revistauniad.com\/?page_id=458"},"modified":"2017-04-21T23:31:36","modified_gmt":"2017-04-21T23:31:36","slug":"edicoes-anteriores-2","status":"publish","type":"page","link":"https:\/\/revistauniad.uniad.org.br\/?page_id=458","title":{"rendered":"N\u00famero 2"},"content":{"rendered":"<p><strong>T\u00edtulo: <a href=\"http:\/\/revistauniad.uniad.org.br\/?page_id=857\">Estudo Descritivo da Cracol\u00e2ndia de S\u00e3o Paulo: Dimens\u00f5es, Perfil Sociodemogr\u00e1fico e Indicadores de Vulnerabilidade Social<\/a><br \/>\n<\/strong><\/p>\n<p><strong>Autores:<\/strong> Rodrigues, L.A.S.; Silva, C.N.G.; Rabelo, M.S. e Silva, P.R.<\/p>\n<p><strong>T\u00edtulo: <a href=\"http:\/\/revistauniad.uniad.org.br\/?page_id=843\" target=\"_blank\">O perfil sociodemogr\u00e1fico de pacientes em tratamento para depend\u00eancia qu\u00edmica e sua percep\u00e7\u00e3o quanto ao impacto do consumo abusivo no comportamento dos filhos<\/a><\/strong><\/p>\n<p><strong>Autores:<\/strong> Alberto Ferreira Morgado, Am\u00e9lia Maria Calogi, C\u00e1ssio Sousa de Oliveira, Marcy E. Krausz Harrouche<\/p>\n<p><strong>T\u00edtulo: <a href=\"http:\/\/revistauniad.uniad.org.br\/?page_id=849\" target=\"_blank\">O perfil sociodemogr\u00e1fico, hist\u00f3rico do uso de subst\u00e2ncias e de tratamento, e a indica\u00e7\u00e3o de ansiedade e depress\u00e3o dos pacientes em tratamento no grupo de \u00e1lcool e drogas do ambulat\u00f3rio m\u00e9dico de especialidades psiqui\u00e1tricas Dra. Jandira Masur<\/a><\/strong><\/p>\n<p><strong>Autores:<\/strong> Renato Ferreira das Neves, Fabiana Ferreira Maia, Mateus Monteiro Latorre<\/p>\n<p><strong>T\u00edtulo: <a href=\"http:\/\/revistauniad.uniad.org.br\/?page_id=863\">O Perfil Sociodemogr\u00e1fico do CAPS ad de Cubat\u00e3o. A Percep\u00e7\u00e3o Subjetiva da Motiva\u00e7\u00e3o pela Busca do Tratamento e o Impacto do Consumo Percebido<\/a><\/strong><\/p>\n<p><strong>Autores:<\/strong> Edjane Viana De Souza, Marlei Ferreira Andrade e Mauro Ramos<\/p>\n<p><strong>T\u00edtulo:<\/strong> <strong><a href=\"http:\/\/revistauniad.uniad.org.br\/?page_id=862\">A influ\u00eancia da depress\u00e3o no impacto da depend\u00eancia qu\u00edmica na fam\u00edlia<\/a><\/strong><\/p>\n<p><strong>Autores: <\/strong>Patricia Bernardete de Abreu, Nadia Basile<\/p>\n<p><strong>T\u00edtulo: <a href=\"http:\/\/revistauniad.uniad.org.br\/?page_id=871\">Tend\u00eancias da viol\u00eancia entre parceiros \u00edntimos no Brasil: Dados do Levantamento Nacional de \u00c1lcool e Drogas (LENAD) <\/a><br \/>\n<\/strong><\/p>\n<p><strong>Autores:<\/strong> Elizabeth Z. Ally<\/p>\n<p><strong>T\u00edtulo: <a href=\"http:\/\/revistauniad.uniad.org.br\/?page_id=877\">Instituto Bezerra de Menezes \u2013 Perfil Sociodemogr\u00e1fico dos Dependentes de Drogas Psicoativas Procedentes da DRS XIV<\/a><\/strong><\/p>\n<p><strong>Autores:<\/strong> Raquel Tavares Brito Fernandes, Elaine Cristina Scanapieco<\/p>\n<p><strong>T\u00edtulo: <a href=\"http:\/\/revistauniad.uniad.org.br\/?page_id=882\">Depend\u00eancia Qu\u00edmica e Comorbidade Psiqui\u00e1trica: Perfil Sociodemogr\u00e1fico e Preval\u00eancia de Ansiedade e Depress\u00e3o em Pacientes da Comunidade Terap\u00eautica Santa Carlota \u2013 Instituto Bairral de Psiquiatria, Munic\u00edpio de Itapira, SP.<\/a><\/strong><\/p>\n<p><strong>\u00a0Autores:<\/strong> Marco Aurelio Tosta Longo, Ma\u00edsa Francisca Baggini, Marcelo Ortiz de Souza, Gabriela Alves da Silva<\/p>\n<p><strong>T\u00edtulo: <a href=\"http:\/\/revistauniad.uniad.org.br\/?page_id=887\">Perfil S\u00f3cio Demogr\u00e1fico, Padr\u00f5es de Uso e Hist\u00f3rico de Tratamento entre Dependentes Qu\u00edmicos Acolhidos na Comunidade Terap\u00eautica: Uma an\u00e1lise da Idade de In\u00edcio de Experimenta\u00e7\u00e3o de Drogas<\/a><\/strong><\/p>\n<p><strong>Autores: <\/strong>Eliane Rosemeire Lopes, Marluce Machado Da Paz Perussi, Matheus Leite Pra\u00e7a<\/p>\n<p>&nbsp;<\/p>\n","protected":false},"excerpt":{"rendered":"<p>T\u00edtulo: Estudo Descritivo da Cracol\u00e2ndia de S\u00e3o Paulo: Dimens\u00f5es, Perfil Sociodemogr\u00e1fico e Indicadores de Vulnerabilidade Social Autores: Rodrigues, L.A.S.; Silva, C.N.G.; Rabelo, M.S. e Silva, P.R. T\u00edtulo: O perfil sociodemogr\u00e1fico de pacientes em tratamento para depend\u00eancia qu\u00edmica e sua percep\u00e7\u00e3o &hellip; <a href=\"https:\/\/revistauniad.uniad.org.br\/?page_id=458\">Continue reading <span class=\"meta-nav\">&rarr;<\/span><\/a><\/p>\n","protected":false},"author":1,"featured_media":0,"parent":0,"menu_order":0,"comment_status":"closed","ping_status":"closed","template":"","meta":[],"_links":{"self":[{"href":"https:\/\/revistauniad.uniad.org.br\/index.php?rest_route=\/wp\/v2\/pages\/458"}],"collection":[{"href":"https:\/\/revistauniad.uniad.org.br\/index.php?rest_route=\/wp\/v2\/pages"}],"about":[{"href":"https:\/\/revistauniad.uniad.org.br\/index.php?rest_route=\/wp\/v2\/types\/page"}],"author":[{"embeddable":true,"href":"https:\/\/revistauniad.uniad.org.br\/index.php?rest_route=\/wp\/v2\/users\/1"}],"replies":[{"embeddable":true,"href":"https:\/\/revistauniad.uniad.org.br\/index.php?rest_route=%2Fwp%2Fv2%2Fcomments&post=458"}],"version-history":[{"count":25,"href":"https:\/\/revistauniad.uniad.org.br\/index.php?rest_route=\/wp\/v2\/pages\/458\/revisions"}],"predecessor-version":[{"id":926,"href":"https:\/\/revistauniad.uniad.org.br\/index.php?rest_route=\/wp\/v2\/pages\/458\/revisions\/926"}],"wp:attachment":[{"href":"https:\/\/revistauniad.uniad.org.br\/index.php?rest_route=%2Fwp%2Fv2%2Fmedia&parent=458"}],"curies":[{"name":"wp","href":"https:\/\/api.w.org\/{rel}","templated":true}]}}