{"id":392,"date":"2015-12-12T21:02:49","date_gmt":"2015-12-12T21:02:49","guid":{"rendered":"http:\/\/www.revistauniad.com\/?page_id=392"},"modified":"2016-03-23T17:53:01","modified_gmt":"2016-03-23T17:53:01","slug":"o-perfil-dos-pacientes-em-tratamento-no-cratod-aspecto-do-suporte-social","status":"publish","type":"page","link":"https:\/\/revistauniad.uniad.org.br\/?page_id=392","title":{"rendered":"O Perfil dos Pacientes em Tratamento no CRATOD &#8211; Enfoque no Suporte Social"},"content":{"rendered":"<p style=\"font-size: 14px;\"><strong>Autores: M\u00e1rcia Eleodorio, Maria Pinheiro Feitosa da Mota e Maria Sueli Hilario<\/strong><\/p>\n<h2>Resumo<\/h2>\n<div style=\"height: 980px; font-size: 16px;\">\n<p style=\"font-size: 16px;\">Trata-se de estudo observacional, transversal e quantitativo realizado com usu\u00e1rios dependentes de subst\u00e2ncias psicoativas que vieram buscar ajuda no Centro de Refer\u00eancia de \u00c1lcool, Tabaco e outras Drogas (CRATOD), na regi\u00e3o central de S\u00e3o Paulo.<\/p>\n<p style=\"font-size: 16px;\">O estudo teve como objetivos descrever o perfil sociodemogr\u00e1fico dos pacientes em tratamento, o hist\u00f3rico de consumo de drogas e hist\u00f3rico de tratamento. Utilizou-se como instrumento avaliativo um question\u00e1rio contendo vinte e quatro quest\u00f5es para discrimina\u00e7\u00e3o dos aspectos sociais e do perfil dos pacientes em tratamento no CRATOD.<\/p>\n<p style=\"font-size: 16px;\">Os resultados evidenciaram que a maioria dos pesquisados s\u00e3o do sexo masculino(81%), jovens e em fase produtiva da vida, mas com uma trajet\u00f3ria de vida com significativas perdas (52%n\u00e3o possuem renda), preju\u00edzos e com quebra de v\u00ednculos familiares.<\/p>\n<p style=\"font-size: 16px;\">O estudo permitiu uma aproxima\u00e7\u00e3o maior com o contexto de vida do paciente, gerando evid\u00eancias e conte\u00fados que servir\u00e3o como subs\u00eddios para realiza\u00e7\u00e3o de a\u00e7\u00f5es de promo\u00e7\u00e3o da sa\u00fade biopsicossocial do paciente, com vistas a interven\u00e7\u00f5es t\u00e9cnicas mais eficazes<\/p>\n<p>Palavra Chave: Suporte Social, \u00c1lcool e outras drogas, tratamento.<\/p>\n<p><a style=\"font-size: 16px;\" href=\"http:\/\/revistauniad.uniad.org.br\/wp-content\/uploads\/2015\/12\/9.pdf\" target=\"_blank\">Leia o artigo na \u00edntegra<\/a><\/p>\n<p><a href=\"[Download n\u00e3o encontrado.]\" target=\"_blank\"><img loading=\"lazy\" class=\"alignnone size-full wp-image-14\" src=\"http:\/\/revistauniad.uniad.org.br\/wp-content\/uploads\/2015\/11\/btn-download-pdf1.jpg\" alt=\"btn-download-pdf\" width=\"121\" height=\"36\" \/><\/a><\/p>\n<\/div>\n","protected":false},"excerpt":{"rendered":"<p>Autores: M\u00e1rcia Eleodorio, Maria Pinheiro Feitosa da Mota e Maria Sueli Hilario Resumo Trata-se de estudo observacional, transversal e quantitativo realizado com usu\u00e1rios dependentes de subst\u00e2ncias psicoativas que vieram buscar ajuda no Centro de Refer\u00eancia de \u00c1lcool, Tabaco e outras &hellip; <a href=\"https:\/\/revistauniad.uniad.org.br\/?page_id=392\">Continue reading <span class=\"meta-nav\">&rarr;<\/span><\/a><\/p>\n","protected":false},"author":1,"featured_media":0,"parent":0,"menu_order":0,"comment_status":"closed","ping_status":"closed","template":"","meta":[],"_links":{"self":[{"href":"https:\/\/revistauniad.uniad.org.br\/index.php?rest_route=\/wp\/v2\/pages\/392"}],"collection":[{"href":"https:\/\/revistauniad.uniad.org.br\/index.php?rest_route=\/wp\/v2\/pages"}],"about":[{"href":"https:\/\/revistauniad.uniad.org.br\/index.php?rest_route=\/wp\/v2\/types\/page"}],"author":[{"embeddable":true,"href":"https:\/\/revistauniad.uniad.org.br\/index.php?rest_route=\/wp\/v2\/users\/1"}],"replies":[{"embeddable":true,"href":"https:\/\/revistauniad.uniad.org.br\/index.php?rest_route=%2Fwp%2Fv2%2Fcomments&post=392"}],"version-history":[{"count":7,"href":"https:\/\/revistauniad.uniad.org.br\/index.php?rest_route=\/wp\/v2\/pages\/392\/revisions"}],"predecessor-version":[{"id":787,"href":"https:\/\/revistauniad.uniad.org.br\/index.php?rest_route=\/wp\/v2\/pages\/392\/revisions\/787"}],"wp:attachment":[{"href":"https:\/\/revistauniad.uniad.org.br\/index.php?rest_route=%2Fwp%2Fv2%2Fmedia&parent=392"}],"curies":[{"name":"wp","href":"https:\/\/api.w.org\/{rel}","templated":true}]}}