{"id":378,"date":"2015-12-12T19:19:07","date_gmt":"2015-12-12T19:19:07","guid":{"rendered":"http:\/\/www.revistauniad.com\/?page_id=378"},"modified":"2016-03-23T17:51:49","modified_gmt":"2016-03-23T17:51:49","slug":"tiamina-e-alcool-interacoes-nutricionais-possiveis-complicacoes-e-tratamento","status":"publish","type":"page","link":"https:\/\/revistauniad.uniad.org.br\/?page_id=378","title":{"rendered":"Tiamina e \u00c1lcool: Uma Revis\u00e3o da Literatura Sobre Intera\u00e7\u00f5es Nutricionais, Poss\u00edveis Complica\u00e7\u00f5es e Tratamento"},"content":{"rendered":"<p style=\"font-size: 14px;\"><strong>Autores: Milena Cristina Barros Mesquita Antunes\u00a0<\/strong><\/p>\n<h2>Resumo<\/h2>\n<div style=\"height: 980px; font-size: 16px;\">\n<p style=\"font-size: 16px;\">O \u00e1lcool \u00e9 uma subst\u00e2ncia consumida no mundo todo desde a antiguidade. Por volta de 1976 a depend\u00eancia de \u00e1lcool foi reconhecida pela Organiza\u00e7\u00e3o Mundial da Sa\u00fade (OMS) como sendo uma doen\u00e7a cr\u00f4nica que deve ser tratada. O consumo excessivo de \u00e1lcool pode ser influenciado pela escassez de pol\u00edticas p\u00fablicas, aliada a permissividade, falta de controle da oferta e da propaganda, consumo entre familiares, e, inclusive por press\u00e3o do grupo social.<\/p>\n<p style=\"font-size: 16px;\">O consumo cr\u00f4nico de \u00e1lcool tamb\u00e9m est\u00e1 associado com a causa de diversos preju\u00edzos sociais, econ\u00f4micos e principalmente \u00e0 sa\u00fade f\u00edsica e psiqui\u00e1trica do usu\u00e1rio. Uma das complica\u00e7\u00f5es mais preocupantes \u00e9 a desnutri\u00e7\u00e3o. O dependente de \u00e1lcool pode desenvolver car\u00eancias importantes em seu estado nutricional.\u00a0 V\u00e1rias s\u00e3o as vitaminas nas quais o \u00e1lcool pode interferir. Por\u00e9m, este trabalho est\u00e1 voltado para a tiamina (vitamina B<sub>1<\/sub>, do complexo B), que \u00e9 uma vitamina essencial para o organismo, e sua defici\u00eancia pode trazer muitos agravos \u00e0 sa\u00fade, inclusive a manifesta\u00e7\u00e3o da s\u00edndrome de Wernicke-Korsakoff, caracterizada por um grupo de sinais e sintomas neuropsiqui\u00e1tricos, podendo progredir para um estado de estupor, coma e at\u00e9 mesmo \u00f3bito, caso n\u00e3o haja tratamento adequado e imediato. O tratamento consiste em suplementa\u00e7\u00e3o de tiamina, tanto em car\u00e1ter emergencial, como tamb\u00e9m ap\u00f3s a fase da S\u00edndrome de Abstin\u00eancia Alco\u00f3lica (SAA).<\/p>\n<p>Palavras-chave: \u00c1lcool. Tiamina. Alcoolismo. Defici\u00eancia de tiamina. Nutri\u00e7\u00e3o. Desnutri\u00e7\u00e3o.<\/p>\n<p><a style=\"font-size: 16px;\" href=\"http:\/\/revistauniad.uniad.org.br\/wp-content\/uploads\/2015\/12\/10.pdf\" target=\"_blank\">Leia o artigo na \u00edntegra<\/a><\/p>\n<p><a href=\"[Download n\u00e3o encontrado.]\" target=\"_blank\"><img loading=\"lazy\" class=\"alignnone size-full wp-image-14\" src=\"http:\/\/revistauniad.uniad.org.br\/wp-content\/uploads\/2015\/11\/btn-download-pdf1.jpg\" alt=\"btn-download-pdf\" width=\"121\" height=\"36\" \/><\/a><\/p>\n<\/div>\n","protected":false},"excerpt":{"rendered":"<p>Autores: Milena Cristina Barros Mesquita Antunes\u00a0 Resumo O \u00e1lcool \u00e9 uma subst\u00e2ncia consumida no mundo todo desde a antiguidade. Por volta de 1976 a depend\u00eancia de \u00e1lcool foi reconhecida pela Organiza\u00e7\u00e3o Mundial da Sa\u00fade (OMS) como sendo uma doen\u00e7a cr\u00f4nica &hellip; <a href=\"https:\/\/revistauniad.uniad.org.br\/?page_id=378\">Continue reading <span class=\"meta-nav\">&rarr;<\/span><\/a><\/p>\n","protected":false},"author":1,"featured_media":0,"parent":0,"menu_order":0,"comment_status":"closed","ping_status":"closed","template":"","meta":[],"_links":{"self":[{"href":"https:\/\/revistauniad.uniad.org.br\/index.php?rest_route=\/wp\/v2\/pages\/378"}],"collection":[{"href":"https:\/\/revistauniad.uniad.org.br\/index.php?rest_route=\/wp\/v2\/pages"}],"about":[{"href":"https:\/\/revistauniad.uniad.org.br\/index.php?rest_route=\/wp\/v2\/types\/page"}],"author":[{"embeddable":true,"href":"https:\/\/revistauniad.uniad.org.br\/index.php?rest_route=\/wp\/v2\/users\/1"}],"replies":[{"embeddable":true,"href":"https:\/\/revistauniad.uniad.org.br\/index.php?rest_route=%2Fwp%2Fv2%2Fcomments&post=378"}],"version-history":[{"count":9,"href":"https:\/\/revistauniad.uniad.org.br\/index.php?rest_route=\/wp\/v2\/pages\/378\/revisions"}],"predecessor-version":[{"id":792,"href":"https:\/\/revistauniad.uniad.org.br\/index.php?rest_route=\/wp\/v2\/pages\/378\/revisions\/792"}],"wp:attachment":[{"href":"https:\/\/revistauniad.uniad.org.br\/index.php?rest_route=%2Fwp%2Fv2%2Fmedia&parent=378"}],"curies":[{"name":"wp","href":"https:\/\/api.w.org\/{rel}","templated":true}]}}