{"id":359,"date":"2015-12-12T14:48:23","date_gmt":"2015-12-12T14:48:23","guid":{"rendered":"http:\/\/www.revistauniad.com\/?page_id=359"},"modified":"2016-03-23T17:58:56","modified_gmt":"2016-03-23T17:58:56","slug":"caracteristicas-sintomas-depressivos-ansiosos-e-fatores-associados-em-homens-adultos-em-regime-de-internacao-na-comunidade-terapeutica-gabata-em-sao-roque-no-estado-de-sao-paulo","status":"publish","type":"page","link":"https:\/\/revistauniad.uniad.org.br\/?page_id=359","title":{"rendered":"Caracter\u00edsticas Sociodemogr\u00e1ficas, Sintomas Depressivos e Ansiosos entre Homens Adultos em Regime de Interna\u00e7\u00e3o na Comunidade Terap\u00eautica Gabata em S\u00e3o Roque, SP"},"content":{"rendered":"<p style=\"font-size: 14px;\"><strong>Autor:\u00a0Luisa Cielavin Machado Fernandes <\/strong><\/p>\n<h2>Resumo<\/h2>\n<div style=\"height: 980px; font-size: 16px;\">\n<p style=\"font-size: 16px;\">O objetivo deste estudo foi estimar a preval\u00eancia de sintomas depressivos e ansiosos em pacientes com duplo diagn\u00f3stico, sendo um deles a depend\u00eancia qu\u00edmica.<\/p>\n<p style=\"font-size: 16px;\">Foi realizado um estudo transversal, com uma amostra de 48 homens em regime de interna\u00e7\u00e3o na Comunidade Terap\u00eautica GABATA, em S\u00e3o Roque-SP. Os instrumentos utilizados foram a Escala Hospitalar de Ansiedade e Depress\u00e3o (HADS) e um question\u00e1rio padronizado sobre perfil sociodemogr\u00e1fico e consumo.<\/p>\n<p style=\"font-size: 16px;\">Observou-se atrav\u00e9s das entrevistas realizadas que os residentes possuem em m\u00e9dia 38 anos. As drogas que mais os levaram a buscar tratamento s\u00e3o o uso apenas do \u00e1lcool e o uso associado de coca\u00edna, crack e \u00e1lcool. Mais da metade da popula\u00e7\u00e3o entrevistada possui alguma indica\u00e7\u00e3o de ansiedade e menos da metade possui alguma indica\u00e7\u00e3o de depress\u00e3o. A identifica\u00e7\u00e3o de comorbidades \u00e9 \u00fatil no para o tratamento da depend\u00eancia qu\u00edmica para o desenvolvimento de um tratamento mais focado nas necessidades do paciente e tamb\u00e9m \u00fatil na preven\u00e7\u00e3o \u00e0 reca\u00edda.<\/p>\n<p>Palavras-chave: Depend\u00eancia Qu\u00edmica, Ansiedade, Depress\u00e3o, HADS, Tratamento<\/p>\n<p><a style=\"font-size: 16px;\" href=\"http:\/\/revistauniad.uniad.org.br\/wp-content\/uploads\/2015\/12\/2.pdf\" target=\"_blank\">Leia o artigo na \u00edntegra<\/a><\/p>\n<p><a href=\"[Download n\u00e3o encontrado.]\" target=\"_blank\"><img loading=\"lazy\" class=\"alignnone wp-image-14 size-full\" src=\"http:\/\/revistauniad.uniad.org.br\/wp-content\/uploads\/2015\/11\/btn-download-pdf1.jpg\" alt=\"btn-download-pdf\" width=\"121\" height=\"36\" \/><\/a><\/p>\n<\/div>\n","protected":false},"excerpt":{"rendered":"<p>Autor:\u00a0Luisa Cielavin Machado Fernandes Resumo O objetivo deste estudo foi estimar a preval\u00eancia de sintomas depressivos e ansiosos em pacientes com duplo diagn\u00f3stico, sendo um deles a depend\u00eancia qu\u00edmica. Foi realizado um estudo transversal, com uma amostra de 48 homens &hellip; <a href=\"https:\/\/revistauniad.uniad.org.br\/?page_id=359\">Continue reading <span class=\"meta-nav\">&rarr;<\/span><\/a><\/p>\n","protected":false},"author":1,"featured_media":0,"parent":0,"menu_order":0,"comment_status":"closed","ping_status":"closed","template":"","meta":[],"_links":{"self":[{"href":"https:\/\/revistauniad.uniad.org.br\/index.php?rest_route=\/wp\/v2\/pages\/359"}],"collection":[{"href":"https:\/\/revistauniad.uniad.org.br\/index.php?rest_route=\/wp\/v2\/pages"}],"about":[{"href":"https:\/\/revistauniad.uniad.org.br\/index.php?rest_route=\/wp\/v2\/types\/page"}],"author":[{"embeddable":true,"href":"https:\/\/revistauniad.uniad.org.br\/index.php?rest_route=\/wp\/v2\/users\/1"}],"replies":[{"embeddable":true,"href":"https:\/\/revistauniad.uniad.org.br\/index.php?rest_route=%2Fwp%2Fv2%2Fcomments&post=359"}],"version-history":[{"count":14,"href":"https:\/\/revistauniad.uniad.org.br\/index.php?rest_route=\/wp\/v2\/pages\/359\/revisions"}],"predecessor-version":[{"id":794,"href":"https:\/\/revistauniad.uniad.org.br\/index.php?rest_route=\/wp\/v2\/pages\/359\/revisions\/794"}],"wp:attachment":[{"href":"https:\/\/revistauniad.uniad.org.br\/index.php?rest_route=%2Fwp%2Fv2%2Fmedia&parent=359"}],"curies":[{"name":"wp","href":"https:\/\/api.w.org\/{rel}","templated":true}]}}