{"id":290,"date":"2015-12-12T11:34:41","date_gmt":"2015-12-12T11:34:41","guid":{"rendered":"http:\/\/www.revistauniad.com\/?page_id=290"},"modified":"2016-03-23T17:45:04","modified_gmt":"2016-03-23T17:45:04","slug":"a-importancia-dos-programas-de-prevencao-e-tratamento-do-uso-indevido-de-alcool-e-outras-drogas-para-empresas-e-profissionais-que-exercem-atividades-de-risco-nos-setores-de-transporte-ferroviario-ro","status":"publish","type":"page","link":"https:\/\/revistauniad.uniad.org.br\/?page_id=290","title":{"rendered":"A import\u00e2ncia dos programas de preven\u00e7\u00e3o e tratamento do uso indevido de \u00e1lcool e outras drogas para empresas e profissionais que exercem  atividades de risco nos setores de transporte ferrovi\u00e1rio, rodovi\u00e1rio e a\u00e9reo: um paralelo entre legisla\u00e7\u00f5es dos Estados Unidos, Austr\u00e1lia e Brasil"},"content":{"rendered":"<p style=\"font-size: 14px;\"><strong>Autor: Fernanda Mograbi Hannun Jabbour<\/strong><\/p>\n<h2>Resumo<\/h2>\n<div style=\"height: 680px; font-size: 16px;\">\n<p style=\"font-size: 16px;\">As subst\u00e2ncias psicoativas agem no sistema nervoso central e s\u00e3o capazes de modificar comportamentos, pensamentos, consci\u00eancia, humor, entre outras habilidades. Portanto, realizar atividades como dirigir ou pilotar avi\u00f5es tornam-se inseguras quando os profissionais que devem ser respons\u00e1veis pela seguran\u00e7a est\u00e3o sob efeito ou fazem uso de \u00e1lcool ou outras drogas. Neste contexto, alguns pa\u00edses, incluindo o Brasil, publicaram legisla\u00e7\u00f5es que exigem que empresas que possuem em seus quadros funcion\u00e1rios exercendo atividades de risco implementem programas de preven\u00e7\u00e3o e tratamento ao uso indevido de subst\u00e2ncias psicoativas.<\/p>\n<p style=\"font-size: 16px;\">Este trabalho teve como objetivo descrever as legisla\u00e7\u00f5es vigentes dos Estados Unidos, Austr\u00e1lia e Brasil e fazer uma compara\u00e7\u00e3o cr\u00edtica das principais exig\u00eancias destas legisla\u00e7\u00f5es. Discutiu-se a import\u00e2ncia de se contemplar tr\u00eas subprogramas: subprograma de educa\u00e7\u00e3o, subprograma de exames toxicol\u00f3gicos e subprograma de resposta. Concluiu-se que o Brasil ainda pode melhorar as legisla\u00e7\u00f5es existentes e publicar outras, destinadas a todas as empresas com funcion\u00e1rios exercendo atividades de risco.<\/p>\n<p style=\"font-size: 16px;\">Tamb\u00e9m concluiu-se que um programa estruturado melhora a sa\u00fade e a seguran\u00e7a, diminuindo os riscos de acidentes resultantes do uso de \u00e1lcool e outras drogas pelo funcion\u00e1rios e aumentando o bem-estar de todos, funcion\u00e1rios, familiares e clientes externos.<\/p>\n<p>Palavras-chave: \u00e1lcool; drogas; legisla\u00e7\u00e3o; programas de preven\u00e7\u00e3o; trabalho.<\/p>\n<p><a style=\"font-size: 16px;\" href=\"http:\/\/revistauniad.uniad.org.br\/wp-content\/uploads\/2015\/12\/8.pdf\" target=\"_blank\">Leia o artigo na \u00edntegra<\/a><\/p>\n<p><a href=\"[Download n\u00e3o encontrado.]\" target=\"_blank\"><img loading=\"lazy\" class=\"alignnone size-full wp-image-14\" src=\"http:\/\/revistauniad.uniad.org.br\/wp-content\/uploads\/2015\/11\/btn-download-pdf1.jpg\" alt=\"btn-download-pdf\" width=\"121\" height=\"36\" \/><\/a><\/p>\n<\/div>\n","protected":false},"excerpt":{"rendered":"<p>Autor: Fernanda Mograbi Hannun Jabbour Resumo As subst\u00e2ncias psicoativas agem no sistema nervoso central e s\u00e3o capazes de modificar comportamentos, pensamentos, consci\u00eancia, humor, entre outras habilidades. Portanto, realizar atividades como dirigir ou pilotar avi\u00f5es tornam-se inseguras quando os profissionais que &hellip; <a href=\"https:\/\/revistauniad.uniad.org.br\/?page_id=290\">Continue reading <span class=\"meta-nav\">&rarr;<\/span><\/a><\/p>\n","protected":false},"author":1,"featured_media":0,"parent":0,"menu_order":0,"comment_status":"closed","ping_status":"closed","template":"","meta":[],"_links":{"self":[{"href":"https:\/\/revistauniad.uniad.org.br\/index.php?rest_route=\/wp\/v2\/pages\/290"}],"collection":[{"href":"https:\/\/revistauniad.uniad.org.br\/index.php?rest_route=\/wp\/v2\/pages"}],"about":[{"href":"https:\/\/revistauniad.uniad.org.br\/index.php?rest_route=\/wp\/v2\/types\/page"}],"author":[{"embeddable":true,"href":"https:\/\/revistauniad.uniad.org.br\/index.php?rest_route=\/wp\/v2\/users\/1"}],"replies":[{"embeddable":true,"href":"https:\/\/revistauniad.uniad.org.br\/index.php?rest_route=%2Fwp%2Fv2%2Fcomments&post=290"}],"version-history":[{"count":8,"href":"https:\/\/revistauniad.uniad.org.br\/index.php?rest_route=\/wp\/v2\/pages\/290\/revisions"}],"predecessor-version":[{"id":783,"href":"https:\/\/revistauniad.uniad.org.br\/index.php?rest_route=\/wp\/v2\/pages\/290\/revisions\/783"}],"wp:attachment":[{"href":"https:\/\/revistauniad.uniad.org.br\/index.php?rest_route=%2Fwp%2Fv2%2Fmedia&parent=290"}],"curies":[{"name":"wp","href":"https:\/\/api.w.org\/{rel}","templated":true}]}}