{"id":230,"date":"2015-12-10T15:12:40","date_gmt":"2015-12-10T15:12:40","guid":{"rendered":"http:\/\/localhost\/wordpress\/?page_id=230"},"modified":"2015-12-14T12:58:04","modified_gmt":"2015-12-14T12:58:04","slug":"submissao","status":"publish","type":"page","link":"https:\/\/revistauniad.uniad.org.br\/?page_id=230","title":{"rendered":"Submiss\u00e3o"},"content":{"rendered":"<h2 style=\"font-size: 16px;\">Instru\u00e7\u00f5es para submiss\u00e3o de Artigos para a Revista da UNIAD.<\/h2>\n<h2 style=\"font-size: 16px;\">Tipos de Submiss\u00f5es:<\/h2>\n<h2 style=\"font-size: 16px;\">1- Artigos Quantitativos<\/h2>\n<h2 style=\"font-size: 14px;\">Definidos aqui por trabalhos que envolvem coleta de dados.<\/h2>\n<h2 style=\"font-size: 14px;\">Regras:<\/h2>\n<p style=\"font-size: 14px;\">&#8211; De 2.000 a 5.000 palavras<\/p>\n<p style=\"font-size: 14px;\">&#8211; De 20 a 50 refer\u00eancias bibliogr\u00e1ficas, com o m\u00ednimo de 10 artigos publicados em revistas indexadas (Peri\u00f3dicos CAPES, Scielo, Pubmed, Sciverse e Bireme).<\/p>\n<p style=\"font-size: 14px;\">&#8211; Deve conter os seguintes t\u00f3picos: 1) Introdu\u00e7\u00e3o 2) Objetivo 3) M\u00e9todo 4) Resultados 5)Discuss\u00e3o\/Considera\u00e7\u00f5es Finais 6) Refer\u00eancias Bibliogr\u00e1ficas<\/p>\n<p style=\"font-size: 14px;\">&#8211; Mencionar procedimentos \u00e9ticos adotados no t\u00f3pico \u201cM\u00e9todo\u201d<\/p>\n<h2 style=\"font-size: 16px;\">2 &#8211; Artigos de Revis\u00e3o de Literatura<\/h2>\n<h2 style=\"font-size: 14px;\">Trabalhos de revis\u00f5es sistem\u00e1ticas da literatura.<\/h2>\n<h2 style=\"font-size: 14px;\">Regras:<\/h2>\n<p style=\"font-size: 14px;\">&#8211; De 4.000 a 6.000 palavras<\/p>\n<p style=\"font-size: 14px;\">&#8211; De 30 a 80 refer\u00eancias bibliogr\u00e1ficas, com o m\u00ednimo de 20 artigos publicados em revistas indexadas (Peri\u00f3dicos CAPES, Scielo, Pubmed, Sciverse e Bireme)<\/p>\n<p style=\"font-size: 14px;\">&#8211; Revis\u00f5es devem conter objetivos claros e delimita\u00e7\u00f5es da pesquisa no m\u00e9todo (Bases pesquisadas, Descritores, Crit\u00e9rios de inclus\u00e3o \/ exclus\u00e3o, Quantidade de artigos selecionados para revis\u00e3o).<\/p>\n<h2 style=\"font-size: 14px;\">Cartas<\/h2>\n<p style=\"font-size: 14px;\">S\u00e3o comunicados curtos sobre temas afins, trazendo opini\u00f5es pontuais sobre temas relevantes e muitas vezes pol\u00eamicos. Podem ser usadas para criticar trabalhos publicados na pr\u00f3pria revista ou de publica\u00e7\u00f5es externas (deve conter link para trabalho original.<\/p>\n<h2 style=\"font-size: 14px;\">Regras:<\/h2>\n<p style=\"font-size: 14px;\">&#8211; De 500 a 1.000 palavras<\/p>\n<p style=\"font-size: 14px;\">&#8211; M\u00ednimo 5 refer\u00eancias bibliogr\u00e1ficas (todas devem ser advindas de artigos publicados em revistas indexadas (Peri\u00f3dicos CAPES, Scielo, Pubmed, Sciverse e Bireme).<\/p>\n<h2 style=\"font-size: 14px;\">Requisitos de formata\u00e7\u00e3o geral:<\/h2>\n<p style=\"font-size: 14px;\">&#8211; Documentos devem ser enviados em formato pdf<\/p>\n<p style=\"font-size: 14px;\">&#8211; Nome do documento deve ser o Sobrenome do primeiro autor<\/p>\n<p style=\"font-size: 14px;\">&#8211; Fonte: Tamanho 12, Arial ou Calibri<\/p>\n<p style=\"font-size: 14px;\">&#8211; Margem: superior e inferior, direita e esquerda 2,5cm.<\/p>\n<p style=\"font-size: 14px;\">&#8211; Numera\u00e7\u00e3o de p\u00e1ginas: direita inferior<\/p>\n<p style=\"font-size: 14px;\">&#8211; Espa\u00e7amento de linhas: 1,5 para o texto (menos para tabelas e figuras).<\/p>\n<p style=\"font-size: 14px;\">&#8211; Alinhamento do texto: justificado<\/p>\n<p style=\"font-size: 14px;\">&#8211; Documento deve conter na primeira p\u00e1gina os seguintes conte\u00fados nesta ordem:<\/p>\n<p style=\"font-size: 14px;\">&#8211; T\u00edtulo do trabalho<\/p>\n<p style=\"font-size: 14px;\">&#8211; Lista dos Autores (Sobrenome, Iniciais)<\/p>\n<p style=\"font-size: 14px;\">&#8211; Trabalhos dos alunos da especializa\u00e7\u00e3o UNIAD devem listar os participantes do grupo, seguido pelo coordenador do curso (Prof Marcelo Ribeiro) e professor orientador do trabalho.<\/p>\n<p style=\"font-size: 14px;\">&#8211; Institui\u00e7\u00e3o de Ensino (Universidade, D, Curso)<\/p>\n<p style=\"font-size: 14px;\">&#8211; E-mail para contato com autor(es)<\/p>\n<p style=\"font-size: 14px;\">&#8211; Resumo e palavras-chave.<\/p>\n<p style=\"font-size: 14px;\">&#8211; Cita\u00e7\u00f5es de texto: ao se fazer refer\u00eancia a trabalho de um ou mais autores mencionar somente seus respectivos sobrenomes. Utilizar a formata\u00e7\u00e3o da APA** conforme o n\u00famero de autores.<\/p>\n<p style=\"font-size: 14px;\">&#8211; Cita\u00e7\u00e3o indireta: Quando a refer\u00eancia \u00e9 feita com base em fonte secund\u00e1ria, cita-se o autor original, com a indica\u00e7\u00e3o \u201cin\u201d do autor da fonte consultada.<\/p>\n<p style=\"font-size: 14px;\">&#8211; Cita\u00e7\u00f5es em bloco ou literais N\u00c3O s\u00e3o encorajadas.<\/p>\n<p style=\"font-size: 14px;\">&#8211; Rodap\u00e9: evitar uso de notas de rodap\u00e9, utilizando somente quando de extrema necessidade, para esclarecimento da express\u00e3o utilizadas.<\/p>\n<h2 style=\"font-size: 14px;\">Requisitos para as refer\u00eancias bibliogr\u00e1ficas:<\/h2>\n<p style=\"font-size: 14px;\">&#8211; Refer\u00eancias com mais de 10 anos de publica\u00e7\u00e3o s\u00e3o desencorajadas<\/p>\n<p style=\"font-size: 14px;\">&#8211; Sugere-se a utiliza\u00e7\u00e3o do Estilo APA (6\u00aa edi\u00e7\u00e3o). Para um guia de confer\u00eancia r\u00e1pido, consulte o endere\u00e7o eletr\u00f4nico:<\/p>\n<p><a href=\"http:\/\/www.apa.org\/pubs\/authors\/manuscript-check.aspx\">http:\/\/www.apa.org\/pubs\/authors\/manuscript-check.aspx<\/a>.<\/p>\n<p style=\"font-size: 14px;\">Descri\u00e7\u00e3o do Estilo APA (6\u00aa edi\u00e7\u00e3o): Escreve-se com letra mai\u00fascula somente a inicial do sobrenome e abrevia\u00e7\u00e3o do primeiro e segundo nome de cada autor. O(s) sobrenome(s) do(s) devem ser seguidos do ano da publica\u00e7\u00e3o; quando livro e\/ou trabalho acad\u00eamico,\u00a0<em>t\u00edtulo e subt\u00edtulo<\/em>\u00a0em it\u00e1lico; quando publica\u00e7\u00e3o de peri\u00f3dicos e\/ou revistas,\u00a0<em>nome da revista\/peri\u00f3dico\u00a0<\/em>e\u00a0<em>volume\u00a0<\/em>em it\u00e1lico<\/p>\n<h2 style=\"font-size: 14px;\">Requisitos de conte\u00fado:<\/h2>\n<p style=\"font-size: 14px;\">&#8211; Resumo em portugu\u00eas e ingl\u00eas (m\u00e1ximo 250 palavras):<\/p>\n<p style=\"font-size: 14px;\">O resumo deve conter: contextualiza\u00e7\u00e3o do tema e o problema, m\u00e9todo, resultados e considera\u00e7\u00f5es finais. Nas revis\u00f5es sistem\u00e1ticas de literatura, o resumo deve apresentar a abrang\u00eancia tem\u00e1tica, objetivos, m\u00e9todo, principais resultados e conclus\u00f5es.<\/p>\n<p style=\"font-size: 14px;\">&#8211; Descritores: O trabalho dever\u00e1 conter 6 palavras-chave em portugu\u00eas com tradu\u00e7\u00e3o em ingl\u00eas<\/p>\n<p style=\"font-size: 14px;\">&#8211; Introdu\u00e7\u00e3o:<\/p>\n<p style=\"font-size: 14px;\">-A Introdu\u00e7\u00e3o deve ser breve e trazer a justificativa principal da realiza\u00e7\u00e3o do trabalho.<\/p>\n<p style=\"font-size: 14px;\">&#8211; Sugere-se extens\u00e3o de no m\u00e1ximo 600 palavras.<\/p>\n<p style=\"font-size: 14px;\">&#8211; Deve ser conclu\u00edda com os objetivos do estudo<\/p>\n<p style=\"font-size: 14px;\">&#8211; M\u00e9todo:<\/p>\n<p style=\"font-size: 14px;\">&#8211; Deve seguir rigorosamente as instru\u00e7\u00f5es fornecidas para trabalhos quantitativos ou de revis\u00e3o sistem\u00e1tica da literatura.<\/p>\n<p style=\"font-size: 14px;\">&#8211; Link para instru\u00e7\u00f5es para artigos quantitativos:<\/p>\n<p>https:\/\/www.dropbox.com\/s\/mlmrnityh7ihp6q\/Modelo%20Artigo_Instru%C3%A7%C3%A3o_Resumo.pdf?dl=0<\/p>\n<p style=\"font-size: 14px;\">&#8211; M\u00e9todo de artigos de revis\u00e3o de literatura devem conter:<\/p>\n<p style=\"font-size: 14px;\">&#8211; Descritores utilizados<\/p>\n<p style=\"font-size: 14px;\">&#8211; Crit\u00e9rios de inclus\u00e3o e exclus\u00e3o de estudos<\/p>\n<p style=\"font-size: 14px;\">&#8211; Quantidade de artigos encontrados<\/p>\n<p style=\"font-size: 14px;\">&#8211; Lista de artigos selecionados para revis\u00e3o<\/p>\n<p style=\"font-size: 14px;\">&#8211; Resultados para trabalhos quantitativos<\/p>\n<p style=\"font-size: 14px;\">&#8211; Requisitos para tabelas e figuras:<\/p>\n<p style=\"font-size: 14px;\">&#8211; Gr\u00e1ficos, Tabelas e Figuras devem estar identificados por n\u00famero e t\u00edtulo explicativo.<\/p>\n<p style=\"font-size: 14px;\">&#8211; Os autores devem se atentar para a qualidade dos gr\u00e1ficos e figuras.<\/p>\n<p style=\"font-size: 14px;\">&#8211; Gr\u00e1ficos devem conter medida utilizada indicada nos eixos e os valores precisos de cada barra\/ponto.<\/p>\n<p style=\"font-size: 14px;\">&#8211; Resultados principais devem ser descritos em forma de texto.<\/p>\n<p style=\"font-size: 14px;\">&#8211; Discuss\u00e3o<\/p>\n<p style=\"font-size: 14px;\">&#8211; Deve trazer a interpreta\u00e7\u00e3o dos resultados principais com paralelos a trabalhos previamente publicados no tema.<\/p>\n<p style=\"font-size: 14px;\">&#8211; Deve descrever as limita\u00e7\u00f5es do estudo.<\/p>\n<p style=\"font-size: 14px;\">&#8211; Deve trazer uma conclus\u00e3o do tema explorado e sugest\u00e3o para futuras pesquisas.<\/p>\n","protected":false},"excerpt":{"rendered":"<p>Instru\u00e7\u00f5es para submiss\u00e3o de Artigos para a Revista da UNIAD. Tipos de Submiss\u00f5es: 1- Artigos Quantitativos Definidos aqui por trabalhos que envolvem coleta de dados. Regras: &#8211; De 2.000 a 5.000 palavras &#8211; De 20 a 50 refer\u00eancias bibliogr\u00e1ficas, com &hellip; <a href=\"https:\/\/revistauniad.uniad.org.br\/?page_id=230\">Continue reading <span class=\"meta-nav\">&rarr;<\/span><\/a><\/p>\n","protected":false},"author":1,"featured_media":0,"parent":0,"menu_order":0,"comment_status":"closed","ping_status":"closed","template":"","meta":[],"_links":{"self":[{"href":"https:\/\/revistauniad.uniad.org.br\/index.php?rest_route=\/wp\/v2\/pages\/230"}],"collection":[{"href":"https:\/\/revistauniad.uniad.org.br\/index.php?rest_route=\/wp\/v2\/pages"}],"about":[{"href":"https:\/\/revistauniad.uniad.org.br\/index.php?rest_route=\/wp\/v2\/types\/page"}],"author":[{"embeddable":true,"href":"https:\/\/revistauniad.uniad.org.br\/index.php?rest_route=\/wp\/v2\/users\/1"}],"replies":[{"embeddable":true,"href":"https:\/\/revistauniad.uniad.org.br\/index.php?rest_route=%2Fwp%2Fv2%2Fcomments&post=230"}],"version-history":[{"count":25,"href":"https:\/\/revistauniad.uniad.org.br\/index.php?rest_route=\/wp\/v2\/pages\/230\/revisions"}],"predecessor-version":[{"id":424,"href":"https:\/\/revistauniad.uniad.org.br\/index.php?rest_route=\/wp\/v2\/pages\/230\/revisions\/424"}],"wp:attachment":[{"href":"https:\/\/revistauniad.uniad.org.br\/index.php?rest_route=%2Fwp%2Fv2%2Fmedia&parent=230"}],"curies":[{"name":"wp","href":"https:\/\/api.w.org\/{rel}","templated":true}]}}