{"id":125,"date":"2015-12-09T12:20:41","date_gmt":"2015-12-09T12:20:41","guid":{"rendered":"http:\/\/localhost\/wordpress\/?page_id=125"},"modified":"2016-03-09T14:58:59","modified_gmt":"2016-03-09T14:58:59","slug":"edicao-atual-2","status":"publish","type":"page","link":"https:\/\/revistauniad.uniad.org.br\/?page_id=125","title":{"rendered":"N\u00famero 1"},"content":{"rendered":"<p style=\"font-size: 16px;\"><strong>T\u00edtulo:<\/strong>\u00a0<a href=\"http:\/\/revistauniad.uniad.org.br\/?page_id=354\" target=\"_blank\">Estudo Descritivo do Perfil Sociodemogr\u00e1fico, Sa\u00fade F\u00edsica e Mental de Pacientes Acolhidos Em Duas Institui\u00e7\u00f5es Religiosas no Estado De S\u00e3o Paulo<\/a><\/p>\n<p><strong>Autores:\u00a0Ludmila Oliveira Telles e\u00a0Priscila Alc\u00e2ntara da Costa<\/strong><\/p>\n<hr \/>\n<p style=\"font-size: 16px;\"><strong>T\u00edtulo:<\/strong>\u00a0<a href=\"http:\/\/revistauniad.uniad.org.br\/?page_id=359\" target=\"_blank\">Caracter\u00edsticas Sociodemogr\u00e1ficas, Sintomas Depressivos e Ansiosos entre Homens Adultos em Regime de Interna\u00e7\u00e3o na Comunidade Terap\u00eautica Gabata em S\u00e3o Roque, SP.<\/a><\/p>\n<p><strong>Autor:\u00a0Luisa Cielavin Machado Fernandes<\/strong><\/p>\n<hr \/>\n<p style=\"font-size: 16px;\"><strong>T\u00edtulo<\/strong>:\u00a0<a href=\"http:\/\/revistauniad.uniad.org.br\/?page_id=643\" target=\"_blank\">Revis\u00e3o da Literatura Sobre a Associa\u00e7\u00e3o entre Tabagismo e Esquizofrenia<\/a><\/p>\n<p style=\"font-size: 16px;\"><strong>Autor:\u00a0Alessandra Silva dos Reis<\/strong><\/p>\n<hr \/>\n<p style=\"font-size: 16px;\"><strong>T\u00edtulo:<\/strong>\u00a0<a href=\"http:\/\/revistauniad.uniad.org.br\/?page_id=366\" target=\"_blank\">Depress\u00e3o e Ansiedade entre Membros de Grupos de Narc\u00f3ticos An\u00f4nimos no Centro da Capital de S\u00e3o Paulo<\/a><\/p>\n<p><strong>Autor:\u00a0Myriam Baraldi e Marcelo Ardila<\/strong><\/p>\n<hr \/>\n<p style=\"font-size: 16px;\"><strong>T\u00edtulo:<\/strong>\u00a0<a href=\"http:\/\/revistauniad.uniad.org.br\/?page_id=212\" target=\"_blank\">Descri\u00e7\u00e3o do Perfil Sociodemografico, Padr\u00e3o de Consumo de Subst\u00e2ncias e Hist\u00f3rico de Tratamentos para Depend\u00eancia Qu\u00edmica entre Pacientes Atendidos no Centro de Refer\u00eancia de \u00c1lcool, Tabaco e Outras Drogas (CRATOD)<\/a><\/p>\n<p><strong>Autores:\u00a0Bianca Moreno Santiago e\u00a0Paulo Henrique Nunes da Silva<\/strong><\/p>\n<hr \/>\n<p style=\"font-size: 16px;\"><strong>T\u00edtulo:\u00a0<\/strong><a href=\"http:\/\/revistauniad.uniad.org.br\/?page_id=285\" target=\"_blank\">A Preval\u00eancia de Ansiedade e Depress\u00e3o Nos Indiv\u00edduos que Buscaram Tratamento no Grupo de Apoio ao Dependente Qu\u00edmico do Grupamento de Infraestrutura e Apoio de S\u00e3o Jos\u00e9 Dos Campos \u2013 SP<\/a><\/p>\n<p><strong>Autor:<\/strong>\u00a0<strong>Evelyn Carneiro<\/strong><\/p>\n<hr \/>\n<p style=\"font-size: 16px;\"><strong>T\u00edtulo:<\/strong>\u00a0<a href=\"http:\/\/revistauniad.uniad.org.br\/?page_id=653\" target=\"_blank\">Perfil do usu\u00e1rio de Substancias Psicoativas em uma Comunidade Terap\u00eautica e Fatores Relacionados ao Tempo entre Reconhecimento da Depend\u00eancia Qu\u00edmica como Problema e a Busca por Ajuda<\/a><\/p>\n<p><strong>Autor:\u00a0Andreia Galves Gori<\/strong><\/p>\n<hr \/>\n<p style=\"font-size: 16px;\"><strong>T\u00edtulo:\u00a0<\/strong><a href=\"http:\/\/revistauniad.uniad.org.br\/?page_id=290\">A import\u00e2ncia dos programas de preven\u00e7\u00e3o e tratamento do uso indevido de \u00e1lcool e outras drogas para empresas e profissionais que exercem \u00a0atividades de risco nos setores de transporte ferrovi\u00e1rio, rodovi\u00e1rio e a\u00e9reo: um paralelo entre legisla\u00e7\u00f5es dos Estados Unidos, Austr\u00e1lia e Brasil<strong>\u00a0<\/strong><\/a><\/p>\n<p><strong>Autor:\u00a0Fernanda Mograbi Hannun Jabbour<\/strong><\/p>\n<hr \/>\n<p style=\"font-size: 16px;\"><strong>T\u00edtulo:<\/strong>\u00a0\u00a0<a href=\"http:\/\/revistauniad.uniad.org.br\/?page_id=392\" target=\"_blank\">O Perfil dos pacientes em tratamento no CRATOD &#8211;\u00a0Aspecto do Suporte Social<\/a><\/p>\n<p><strong>Autores:\u00a0M\u00e1rcia Eleodorio,\u00a0Maria Pinheiro Feitosa da Mota e\u00a0Maria Sueli Hilario<\/strong><\/p>\n<hr \/>\n<p style=\"font-size: 16px;\"><strong>T\u00edtulo:<\/strong>\u00a0<a href=\"http:\/\/revistauniad.uniad.org.br\/?page_id=378\" target=\"_blank\">Tiamina e \u00c1lcool: Uma Revis\u00e3o da Literatura Sobre Intera\u00e7\u00f5es Nutricionais, Poss\u00edveis Complica\u00e7\u00f5es e Tratamento<\/a><\/p>\n<p><strong>Autores:\u00a0Milena Cristina Barros Mesquita Antunes<\/strong><\/p>\n<hr \/>\n<p>&nbsp;<\/p>\n<p>&nbsp;<\/p>\n","protected":false},"excerpt":{"rendered":"<p>T\u00edtulo:\u00a0Estudo Descritivo do Perfil Sociodemogr\u00e1fico, Sa\u00fade F\u00edsica e Mental de Pacientes Acolhidos Em Duas Institui\u00e7\u00f5es Religiosas no Estado De S\u00e3o Paulo Autores:\u00a0Ludmila Oliveira Telles e\u00a0Priscila Alc\u00e2ntara da Costa T\u00edtulo:\u00a0Caracter\u00edsticas Sociodemogr\u00e1ficas, Sintomas Depressivos e Ansiosos entre Homens Adultos em Regime de &hellip; <a href=\"https:\/\/revistauniad.uniad.org.br\/?page_id=125\">Continue reading <span class=\"meta-nav\">&rarr;<\/span><\/a><\/p>\n","protected":false},"author":1,"featured_media":0,"parent":0,"menu_order":0,"comment_status":"closed","ping_status":"closed","template":"","meta":[],"_links":{"self":[{"href":"https:\/\/revistauniad.uniad.org.br\/index.php?rest_route=\/wp\/v2\/pages\/125"}],"collection":[{"href":"https:\/\/revistauniad.uniad.org.br\/index.php?rest_route=\/wp\/v2\/pages"}],"about":[{"href":"https:\/\/revistauniad.uniad.org.br\/index.php?rest_route=\/wp\/v2\/types\/page"}],"author":[{"embeddable":true,"href":"https:\/\/revistauniad.uniad.org.br\/index.php?rest_route=\/wp\/v2\/users\/1"}],"replies":[{"embeddable":true,"href":"https:\/\/revistauniad.uniad.org.br\/index.php?rest_route=%2Fwp%2Fv2%2Fcomments&post=125"}],"version-history":[{"count":147,"href":"https:\/\/revistauniad.uniad.org.br\/index.php?rest_route=\/wp\/v2\/pages\/125\/revisions"}],"predecessor-version":[{"id":700,"href":"https:\/\/revistauniad.uniad.org.br\/index.php?rest_route=\/wp\/v2\/pages\/125\/revisions\/700"}],"wp:attachment":[{"href":"https:\/\/revistauniad.uniad.org.br\/index.php?rest_route=%2Fwp%2Fv2%2Fmedia&parent=125"}],"curies":[{"name":"wp","href":"https:\/\/api.w.org\/{rel}","templated":true}]}}